{"id":12,"date":"2024-11-18T16:50:38","date_gmt":"2024-11-18T16:50:38","guid":{"rendered":"https:\/\/ankerplan-4k1qtqxvzy.live-website.com\/shop\/"},"modified":"2025-04-10T14:35:43","modified_gmt":"2025-04-10T13:35:43","slug":"postangelegenheiten","status":"publish","type":"page","link":"https:\/\/www.ankerplan.de\/de_ls\/postangelegenheiten\/","title":{"rendered":"Postangelegenheiten"},"content":{"rendered":"<div data-elementor-type=\"wp-page\" data-elementor-id=\"12\" class=\"elementor elementor-12\" data-elementor-post-type=\"page\">\n\t\t\t\t<div class=\"elementor-element elementor-element-0e35ba3 e-flex e-con-boxed e-con e-parent\" data-id=\"0e35ba3\" data-element_type=\"container\" data-e-type=\"container\">\n\t\t\t\t\t<div class=\"e-con-inner\">\n\t\t\t\t\t<\/div>\n\t\t\t\t<\/div>\n\t\t<div class=\"elementor-element elementor-element-8863337 e-flex e-con-boxed e-con e-parent\" data-id=\"8863337\" data-element_type=\"container\" data-e-type=\"container\" data-no-translation=\"\">\n\t\t\t\t\t<div class=\"e-con-inner\">\n\t\t<div class=\"elementor-element elementor-element-6a72303 e-con-full e-flex e-con e-child\" data-id=\"6a72303\" data-element_type=\"container\" data-e-type=\"container\" data-no-translation=\"\">\n\t\t<div class=\"elementor-element elementor-element-18024a9 e-con-full e-flex e-con e-child\" data-id=\"18024a9\" data-element_type=\"container\" data-e-type=\"container\">\n\t\t\t\t<div class=\"elementor-element elementor-element-73f75e6 elementor-widget elementor-widget-image\" data-id=\"73f75e6\" data-element_type=\"widget\" data-e-type=\"widget\" data-widget_type=\"image.default\">\n\t\t\t\t<div class=\"elementor-widget-container\">\n\t\t\t\t\t\t\t\t\t\t\t\t\t\t\t<img fetchpriority=\"high\" decoding=\"async\" width=\"800\" height=\"854\" src=\"https:\/\/www.ankerplan.de\/wp-content\/uploads\/brief-2.png\" class=\"attachment-large size-large wp-image-698\" alt=\"\" \/>\t\t\t\t\t\t\t\t\t\t\t\t\t\t\t<\/div>\n\t\t\t\t<\/div>\n\t\t\t\t<\/div>\n\t\t<div class=\"elementor-element elementor-element-b925fdb e-con-full e-flex e-con e-child\" data-id=\"b925fdb\" data-element_type=\"container\" data-e-type=\"container\">\n\t\t\t\t<div class=\"elementor-element elementor-element-bf4c14f elementor-widget elementor-widget-text-editor\" data-id=\"bf4c14f\" data-element_type=\"widget\" data-e-type=\"widget\" data-widget_type=\"text-editor.default\">\n\t\t\t\t<div class=\"elementor-widget-container\">\n\t\t\t\t\t\t\t\t\t<h5><strong>Hilfe bei Post und Telefon \u2013 Schutz Ihrer Interessen<\/strong><\/h5><h6><strong>Briefe, E-Mails und Telefonate sind wichtig.<\/strong><br \/>Aber manchmal ist es schwer, sich darum zu k\u00fcmmern.<br \/>Ich unterst\u00fctze Sie dabei!<\/h6><p>Als rechtliche Betreuerin helfe ich Ihnen,<br \/>Ihre Post und Ihre Kommunikation zu regeln.<br \/>Dabei beachte ich immer Ihre Privatsph\u00e4re.<\/p><p><strong>Was bedeutet diese Aufgabe?<\/strong><\/p><ul><li>Ich kann Ihnen helfen, Ihre Post zu \u00f6ffnen und zu bearbeiten.<\/li><li>Ich kann Sie bei Telefonaten und E-Mails unterst\u00fctzen.<\/li><li>Ich achte darauf, dass wichtige Nachrichten nicht verloren gehen.<\/li><\/ul><p><strong>Wichtig:<\/strong> Das passiert nur, wenn Sie Unterst\u00fctzung brauchen.<br \/>Ich handle mit Sorgfalt und Respekt.<br \/>Ihr Privatleben bleibt gesch\u00fctzt.<\/p><p><strong>Wie kann ich Ihnen helfen?<\/strong><\/p><ul><li>Post durchsehen und bearbeiten<\/li><li>Schutz vor unerw\u00fcnschten Briefen oder Anrufen<\/li><li>Hilfe bei wichtigen Telefonaten oder E-Mails<\/li><li>Ihre Interessen sch\u00fctzen<\/li><\/ul><p>\u00a0<\/p><p><strong>Gemeinsam f\u00fcr Klarheit und Ordnung.<\/strong><\/p><p><strong>Post und Telefonate sind oft sehr wichtig.<\/strong><br \/>Zusammen sorgen wir daf\u00fcr, dass nichts vergessen wird.<br \/>Ich stehe Ihnen mit Einf\u00fchlungsverm\u00f6gen und Engagement zur Seite!<\/p>\t\t\t\t\t\t\t\t<\/div>\n\t\t\t\t<\/div>\n\t\t\t\t<\/div>\n\t\t\t\t<\/div>\n\t\t\t\t\t<\/div>\n\t\t\t\t<\/div>\n\t\t\t\t<\/div>","protected":false},"excerpt":{"rendered":"<p>Vertrauensvoller Umgang mit Ihrem Schriftverkehr \u2013 Schutz Ihrer Interessen Der Schriftverkehr, sei es in Form von Postsendungen, E-Mails oder anderen Kommunikationswegen, spielt eine zentrale Rolle in unserem Leben. Doch es gibt Situationen, in denen diese Angelegenheiten eine zus\u00e4tzliche Herausforderung darstellen k\u00f6nnen. Als rechtliche Betreuerin unterst\u00fctze ich Sie dabei, Ihre Interessen in Bezug auf Ihre Kommunikationswege [&hellip;]<\/p>\n","protected":false},"author":1,"featured_media":0,"parent":0,"menu_order":3000,"comment_status":"closed","ping_status":"closed","template":"","meta":{"footnotes":""},"class_list":["post-12","page","type-page","status-publish","hentry"],"_links":{"self":[{"href":"https:\/\/www.ankerplan.de\/de_ls\/wp-json\/wp\/v2\/pages\/12","targetHints":{"allow":["GET"]}}],"collection":[{"href":"https:\/\/www.ankerplan.de\/de_ls\/wp-json\/wp\/v2\/pages"}],"about":[{"href":"https:\/\/www.ankerplan.de\/de_ls\/wp-json\/wp\/v2\/types\/page"}],"author":[{"embeddable":true,"href":"https:\/\/www.ankerplan.de\/de_ls\/wp-json\/wp\/v2\/users\/1"}],"replies":[{"embeddable":true,"href":"https:\/\/www.ankerplan.de\/de_ls\/wp-json\/wp\/v2\/comments?post=12"}],"version-history":[{"count":32,"href":"https:\/\/www.ankerplan.de\/de_ls\/wp-json\/wp\/v2\/pages\/12\/revisions"}],"predecessor-version":[{"id":886,"href":"https:\/\/www.ankerplan.de\/de_ls\/wp-json\/wp\/v2\/pages\/12\/revisions\/886"}],"wp:attachment":[{"href":"https:\/\/www.ankerplan.de\/de_ls\/wp-json\/wp\/v2\/media?parent=12"}],"curies":[{"name":"wp","href":"https:\/\/api.w.org\/{rel}","templated":true}]}}