{"id":2,"date":"2024-11-18T17:10:43","date_gmt":"2024-11-18T17:10:43","guid":{"rendered":"https:\/\/ankerplan-4k1qtqxvzy.live-website.com\/?page_id=2"},"modified":"2025-04-10T14:32:29","modified_gmt":"2025-04-10T13:32:29","slug":"gesundheitssorge","status":"publish","type":"page","link":"https:\/\/www.ankerplan.de\/de_ls\/gesundheitssorge\/","title":{"rendered":"Gesundheitssorge"},"content":{"rendered":"<div data-elementor-type=\"wp-page\" data-elementor-id=\"2\" class=\"elementor elementor-2\" data-elementor-post-type=\"page\">\n\t\t\t\t<div class=\"elementor-element elementor-element-5e2ff6a0 e-flex e-con-boxed e-con e-parent\" data-id=\"5e2ff6a0\" data-element_type=\"container\" data-e-type=\"container\">\n\t\t\t\t\t<div class=\"e-con-inner\">\n\t\t\t\t\t<\/div>\n\t\t\t\t<\/div>\n\t\t<div class=\"elementor-element elementor-element-7dc50f9 e-flex e-con-boxed e-con e-parent\" data-id=\"7dc50f9\" data-element_type=\"container\" data-e-type=\"container\" data-no-translation=\"\">\n\t\t\t\t\t<div class=\"e-con-inner\">\n\t\t<div class=\"elementor-element elementor-element-8a69d03 e-con-full e-flex e-con e-child\" data-id=\"8a69d03\" data-element_type=\"container\" data-e-type=\"container\" data-no-translation=\"\">\n\t\t<div class=\"elementor-element elementor-element-0537534 e-con-full e-flex e-con e-child\" data-id=\"0537534\" data-element_type=\"container\" data-e-type=\"container\">\n\t\t\t\t<div class=\"elementor-element elementor-element-0faee0a elementor-widget elementor-widget-image\" data-id=\"0faee0a\" data-element_type=\"widget\" data-e-type=\"widget\" data-widget_type=\"image.default\">\n\t\t\t\t<div class=\"elementor-widget-container\">\n\t\t\t\t\t\t\t\t\t\t\t\t\t\t\t<img fetchpriority=\"high\" decoding=\"async\" width=\"800\" height=\"596\" src=\"https:\/\/www.ankerplan.de\/wp-content\/uploads\/assistenz_arzt-1024x763.png\" class=\"attachment-large size-large wp-image-713\" alt=\"\" srcset=\"https:\/\/www.ankerplan.de\/wp-content\/uploads\/assistenz_arzt-1024x763.png 1024w, https:\/\/www.ankerplan.de\/wp-content\/uploads\/assistenz_arzt-300x223.png 300w, https:\/\/www.ankerplan.de\/wp-content\/uploads\/assistenz_arzt-768x572.png 768w, https:\/\/www.ankerplan.de\/wp-content\/uploads\/assistenz_arzt-1536x1144.png 1536w, https:\/\/www.ankerplan.de\/wp-content\/uploads\/assistenz_arzt-2048x1525.png 2048w, https:\/\/www.ankerplan.de\/wp-content\/uploads\/assistenz_arzt-16x12.png 16w\" sizes=\"(max-width: 800px) 100vw, 800px\" \/>\t\t\t\t\t\t\t\t\t\t\t\t\t\t\t<\/div>\n\t\t\t\t<\/div>\n\t\t\t\t<\/div>\n\t\t<div class=\"elementor-element elementor-element-3e06551 e-con-full e-flex e-con e-child\" data-id=\"3e06551\" data-element_type=\"container\" data-e-type=\"container\">\n\t\t\t\t<div class=\"elementor-element elementor-element-3838db6 elementor-widget elementor-widget-text-editor\" data-id=\"3838db6\" data-element_type=\"widget\" data-e-type=\"widget\" data-widget_type=\"text-editor.default\">\n\t\t\t\t<div class=\"elementor-widget-container\">\n\t\t\t\t\t\t\t\t\t<h5><strong>F\u00fcr Ihre Gesundheit da \u2013 mit Herz und Verstand<\/strong><\/h5><h6><strong>Gesundheit ist sehr wichtig.<\/strong><br \/>Jeder Mensch soll die beste Pflege bekommen.<\/h6><p>Aber manchmal ist es schwer:<\/p><ul><li>Man muss wichtige Entscheidungen treffen.<\/li><li>Man muss Behandlungen und Therapien organisieren.<\/li><li>Man verliert den \u00dcberblick \u00fcber Arztbesuche und Medikamente.<\/li><\/ul><p>Besonders in schweren Zeiten kann das schwierig sein.<br \/>Ich bin f\u00fcr Sie da und helfe Ihnen dabei.<\/p><p><strong>Was ist Gesundheitssorge in der rechtlichen Betreuung?<\/strong><\/p><p>Gesundheitssorge bedeutet:<br \/>Ich k\u00fcmmere mich darum, dass Sie die richtige medizinische Versorgung bekommen.<br \/>Ich vertrete Sie, wenn Sie nicht selbst mit \u00c4rzten oder Kliniken sprechen k\u00f6nnen.<\/p><p><strong>Wichtig ist:<\/strong><\/p><ul><li>Ihre W\u00fcnsche stehen immer im Mittelpunkt.<\/li><li>Ihre Gesundheit und Ihr Wohlbefinden sind das Wichtigste.<\/li><\/ul><p>\u00a0<\/p><p><strong>Wie kann ich Ihnen helfen?<\/strong><\/p><ul><li>Arztbesuche und Behandlungen organisieren<\/li><li>Gespr\u00e4che mit \u00c4rzten und Krankenh\u00e4usern f\u00fchren<\/li><li>Ihre W\u00fcnsche vertreten<\/li><li>Vorsorgeentscheidungen kl\u00e4ren<\/li><\/ul><p>\u00a0<\/p><p><strong>Gesundheit ist ein sensibles Thema.<\/strong><br \/>Viele Menschen haben dabei Unsicherheiten oder \u00c4ngste.<br \/>Ich verstehe das und stehe Ihnen mit Sorgfalt zur Seite.<\/p><p>Wir gehen diesen Weg gemeinsam.<\/p><p>Sie k\u00f6nnen sich auf mich verlassen.<br \/>Ich unterst\u00fctze Sie mit Fachwissen und Engagement.<br \/>Gemeinsam sorgen wir daf\u00fcr, dass Sie gut versorgt sind und sich sicher f\u00fchlen.<\/p>\t\t\t\t\t\t\t\t<\/div>\n\t\t\t\t<\/div>\n\t\t\t\t<\/div>\n\t\t\t\t<\/div>\n\t\t\t\t\t<\/div>\n\t\t\t\t<\/div>\n\t\t\t\t<\/div>","protected":false},"excerpt":{"rendered":"<p>F\u00fcr Ihre Gesundheit an Ihrer Seite \u2013 Unterst\u00fctzung mit Herz und Verstand Ihre Gesundheit ist wertvoll und verdient die bestm\u00f6gliche F\u00fcrsorge. Doch manchmal kann es schwerfallen, medizinische Entscheidungen zu treffen, Therapien zu organisieren oder den \u00dcberblick \u00fcber notwendige Behandlungen zu behalten \u2013 insbesondere in schwierigen Lebensphasen. Was bedeutet Gesundheitssorge in der rechtlichen Betreuung?Die Gesundheitssorge umfasst [&hellip;]<\/p>\n","protected":false},"author":1,"featured_media":0,"parent":0,"menu_order":2500,"comment_status":"closed","ping_status":"open","template":"","meta":{"footnotes":""},"class_list":["post-2","page","type-page","status-publish","hentry"],"_links":{"self":[{"href":"https:\/\/www.ankerplan.de\/de_ls\/wp-json\/wp\/v2\/pages\/2","targetHints":{"allow":["GET"]}}],"collection":[{"href":"https:\/\/www.ankerplan.de\/de_ls\/wp-json\/wp\/v2\/pages"}],"about":[{"href":"https:\/\/www.ankerplan.de\/de_ls\/wp-json\/wp\/v2\/types\/page"}],"author":[{"embeddable":true,"href":"https:\/\/www.ankerplan.de\/de_ls\/wp-json\/wp\/v2\/users\/1"}],"replies":[{"embeddable":true,"href":"https:\/\/www.ankerplan.de\/de_ls\/wp-json\/wp\/v2\/comments?post=2"}],"version-history":[{"count":45,"href":"https:\/\/www.ankerplan.de\/de_ls\/wp-json\/wp\/v2\/pages\/2\/revisions"}],"predecessor-version":[{"id":880,"href":"https:\/\/www.ankerplan.de\/de_ls\/wp-json\/wp\/v2\/pages\/2\/revisions\/880"}],"wp:attachment":[{"href":"https:\/\/www.ankerplan.de\/de_ls\/wp-json\/wp\/v2\/media?parent=2"}],"curies":[{"name":"wp","href":"https:\/\/api.w.org\/{rel}","templated":true}]}}