{"id":222,"date":"2024-11-18T21:08:53","date_gmt":"2024-11-18T21:08:53","guid":{"rendered":"https:\/\/ankerplan-4k1qtqxvzy.live-website.com\/ueber\/"},"modified":"2025-04-10T13:59:19","modified_gmt":"2025-04-10T12:59:19","slug":"ueber","status":"publish","type":"page","link":"https:\/\/www.ankerplan.de\/de_ls\/ueber\/","title":{"rendered":"\u00dcber Mich"},"content":{"rendered":"<div data-elementor-type=\"wp-page\" data-elementor-id=\"222\" class=\"elementor elementor-222\" data-elementor-post-type=\"page\">\n\t\t\t\t<div class=\"elementor-element elementor-element-71f5c68 e-flex e-con-boxed e-con e-parent\" data-id=\"71f5c68\" data-element_type=\"container\" data-e-type=\"container\" data-no-translation=\"\">\n\t\t\t\t\t<div class=\"e-con-inner\">\n\t\t<div class=\"elementor-element elementor-element-8f3b520 e-con-full e-flex e-con e-child\" data-id=\"8f3b520\" data-element_type=\"container\" data-e-type=\"container\">\n\t\t<div class=\"elementor-element elementor-element-a1632eb e-grid e-con-full e-con e-child\" data-id=\"a1632eb\" data-element_type=\"container\" data-e-type=\"container\">\n\t\t\t\t<div class=\"elementor-element elementor-element-595c4ee elementor-widget elementor-widget-image\" data-id=\"595c4ee\" data-element_type=\"widget\" data-e-type=\"widget\" data-widget_type=\"image.default\">\n\t\t\t\t<div class=\"elementor-widget-container\">\n\t\t\t\t\t\t\t\t\t\t\t\t\t\t\t<img fetchpriority=\"high\" decoding=\"async\" width=\"800\" height=\"454\" src=\"https:\/\/www.ankerplan.de\/wp-content\/uploads\/9221_1-1024x581.jpg\" class=\"attachment-large size-large wp-image-554\" alt=\"\" srcset=\"https:\/\/www.ankerplan.de\/wp-content\/uploads\/9221_1-1024x581.jpg 1024w, https:\/\/www.ankerplan.de\/wp-content\/uploads\/9221_1-300x170.jpg 300w, https:\/\/www.ankerplan.de\/wp-content\/uploads\/9221_1-768x436.jpg 768w, https:\/\/www.ankerplan.de\/wp-content\/uploads\/9221_1-1536x871.jpg 1536w, https:\/\/www.ankerplan.de\/wp-content\/uploads\/9221_1-18x10.jpg 18w\" sizes=\"(max-width: 800px) 100vw, 800px\" \/>\t\t\t\t\t\t\t\t\t\t\t\t\t\t\t<\/div>\n\t\t\t\t<\/div>\n\t\t\t\t<div class=\"elementor-element elementor-element-3d02e38 elementor-widget elementor-widget-heading\" data-id=\"3d02e38\" data-element_type=\"widget\" data-e-type=\"widget\" data-widget_type=\"heading.default\">\n\t\t\t\t<div class=\"elementor-widget-container\">\n\t\t\t\t\t<h2 class=\"elementor-heading-title elementor-size-default\">AnkerPlan<\/h2>\t\t\t\t<\/div>\n\t\t\t\t<\/div>\n\t\t\t\t<\/div>\n\t\t\t\t<\/div>\n\t\t\t\t\t<\/div>\n\t\t\t\t<\/div>\n\t\t<div class=\"elementor-element elementor-element-3b18f44 e-flex e-con-boxed e-con e-parent\" data-id=\"3b18f44\" data-element_type=\"container\" data-e-type=\"container\" data-no-translation=\"\">\n\t\t\t\t\t<div class=\"e-con-inner\">\n\t\t\t\t<div class=\"elementor-element elementor-element-5124f12 elementor-widget elementor-widget-text-editor\" data-id=\"5124f12\" data-element_type=\"widget\" data-e-type=\"widget\" data-widget_type=\"text-editor.default\">\n\t\t\t\t<div class=\"elementor-widget-container\">\n\t\t\t\t\t\t\t\t\t<p class=\"\" data-start=\"28\" data-end=\"54\"><strong data-start=\"28\" data-end=\"52\">Herzlich willkommen!<\/strong><\/p><p class=\"\" data-start=\"56\" data-end=\"121\">Ich hei\u00dfe Michaela Hendriksen.<br data-start=\"86\" data-end=\"89\" \/>Ich bin rechtliche Betreuerin.<\/p><p class=\"\" data-start=\"123\" data-end=\"338\">Ich arbeite f\u00fcr die Amtsgerichte in Ahaus, Borken und Gronau.<br data-start=\"184\" data-end=\"187\" \/>Ich helfe Menschen, die in bestimmten Bereichen Hilfe brauchen.<br data-start=\"250\" data-end=\"253\" \/>Zum Beispiel, weil sie ihre rechtlichen Angelegenheiten nicht allein regeln k\u00f6nnen.<\/p><p class=\"\" data-start=\"340\" data-end=\"472\">Ich habe viel Erfahrung und Wissen.<br data-start=\"375\" data-end=\"378\" \/>Ich m\u00f6chte, dass meine Klientinnen und Klienten<br data-start=\"425\" data-end=\"428\" \/>selbstbestimmt und w\u00fcrdevoll leben k\u00f6nnen.<\/p><p class=\"\" data-start=\"474\" data-end=\"606\">Ich habe \u00fcber 30 Jahre Berufserfahrung.<br data-start=\"513\" data-end=\"516\" \/>Ich habe in der Ausbildung, im Gesundheitsbereich<br data-start=\"565\" data-end=\"568\" \/>und in der Kommunikation gearbeitet.<\/p><p class=\"\" data-start=\"608\" data-end=\"668\">Jetzt arbeite ich selbstst\u00e4ndig als rechtliche Betreuerin.<\/p><p class=\"\" data-start=\"670\" data-end=\"877\"><strong data-start=\"670\" data-end=\"694\">Warum mache ich das?<\/strong><br data-start=\"694\" data-end=\"697\" \/>Ich habe erlebt, wie wichtig Hilfe in schweren Zeiten ist.<br data-start=\"755\" data-end=\"758\" \/>Ich m\u00f6chte Menschen helfen, ihre Rechte zu sch\u00fctzen.<br data-start=\"810\" data-end=\"813\" \/>Ich m\u00f6chte, dass sie selbst \u00fcber ihr Leben entscheiden k\u00f6nnen.<\/p><p class=\"\" data-start=\"879\" data-end=\"980\">Mir ist wichtig:<br data-start=\"895\" data-end=\"898\" \/>Ich begleite Menschen pers\u00f6nlich.<br data-start=\"931\" data-end=\"934\" \/>Ich h\u00f6re zu und helfe mit Herz und Verstand.<\/p><p class=\"\" data-start=\"982\" data-end=\"1137\">Ich finde f\u00fcr jede Person eine eigene L\u00f6sung.<br data-start=\"1027\" data-end=\"1030\" \/>Ich arbeite nach den aktuellen Gesetzen.<br data-start=\"1070\" data-end=\"1073\" \/>Ich unterst\u00fctze, damit die Menschen selbst entscheiden k\u00f6nnen.<\/p><p class=\"\" data-start=\"1139\" data-end=\"1289\">Ich arbeite offen und ehrlich.<br data-start=\"1169\" data-end=\"1172\" \/>Ich spreche alles mit meinen Klientinnen und Klienten ab.<br data-start=\"1229\" data-end=\"1232\" \/>Auch mit deren Familie oder anderen wichtigen Personen.<\/p><p class=\"\" data-start=\"1291\" data-end=\"1341\">Ich betreue erwachsene Menschen.<br data-start=\"1323\" data-end=\"1326\" \/>Zum Beispiel:<\/p><ul data-start=\"1342\" data-end=\"1451\"><li class=\"\" data-start=\"1342\" data-end=\"1366\"><p class=\"\" data-start=\"1344\" data-end=\"1366\">wenn sie krank sind,<\/p><\/li><li class=\"\" data-start=\"1367\" data-end=\"1403\"><p class=\"\" data-start=\"1369\" data-end=\"1403\">wenn sie eine Behinderung haben,<\/p><\/li><li class=\"\" data-start=\"1404\" data-end=\"1451\"><p class=\"\" data-start=\"1406\" data-end=\"1451\">oder wenn sie andere Einschr\u00e4nkungen haben.<\/p><\/li><\/ul><p class=\"\" data-start=\"1453\" data-end=\"1570\"><strong data-start=\"1453\" data-end=\"1477\">Was genau mache ich?<\/strong><br data-start=\"1477\" data-end=\"1480\" \/>Schauen Sie sich gerne auf meiner Internetseite um.<br data-start=\"1531\" data-end=\"1534\" \/>Dort finden Sie viele Informationen.<\/p>\t\t\t\t\t\t\t\t<\/div>\n\t\t\t\t<\/div>\n\t\t\t\t\t<\/div>\n\t\t\t\t<\/div>\n\t\t\t\t<\/div>","protected":false},"excerpt":{"rendered":"<p>AnkerPlan Herzlich willkommen!Mein Name ist Michaela Hendriksen, und ich bin als rechtliche Betreuerin f\u00fcr die Amtsgerichte Ahaus, Borken und Gronau t\u00e4tig. Mit viel Sozialkompetenz, Engagement und Fachwissen unterst\u00fctze ich Menschen, die in bestimmten Lebensbereichen auf rechtliche Betreuung angewiesen sind. Mein Ziel ist es, meinen Klienten eine selbstbestimmte und w\u00fcrdevolle Lebensf\u00fchrung zu erm\u00f6glichen. Nach \u00fcber 30 [&hellip;]<\/p>\n","protected":false},"author":1,"featured_media":0,"parent":0,"menu_order":200,"comment_status":"closed","ping_status":"closed","template":"","meta":{"footnotes":""},"class_list":["post-222","page","type-page","status-publish","hentry"],"_links":{"self":[{"href":"https:\/\/www.ankerplan.de\/de_ls\/wp-json\/wp\/v2\/pages\/222","targetHints":{"allow":["GET"]}}],"collection":[{"href":"https:\/\/www.ankerplan.de\/de_ls\/wp-json\/wp\/v2\/pages"}],"about":[{"href":"https:\/\/www.ankerplan.de\/de_ls\/wp-json\/wp\/v2\/types\/page"}],"author":[{"embeddable":true,"href":"https:\/\/www.ankerplan.de\/de_ls\/wp-json\/wp\/v2\/users\/1"}],"replies":[{"embeddable":true,"href":"https:\/\/www.ankerplan.de\/de_ls\/wp-json\/wp\/v2\/comments?post=222"}],"version-history":[{"count":40,"href":"https:\/\/www.ankerplan.de\/de_ls\/wp-json\/wp\/v2\/pages\/222\/revisions"}],"predecessor-version":[{"id":856,"href":"https:\/\/www.ankerplan.de\/de_ls\/wp-json\/wp\/v2\/pages\/222\/revisions\/856"}],"wp:attachment":[{"href":"https:\/\/www.ankerplan.de\/de_ls\/wp-json\/wp\/v2\/media?parent=222"}],"curies":[{"name":"wp","href":"https:\/\/api.w.org\/{rel}","templated":true}]}}