{"id":223,"date":"2024-11-18T21:08:54","date_gmt":"2024-11-18T21:08:54","guid":{"rendered":"https:\/\/ankerplan-4k1qtqxvzy.live-website.com\/buchung\/"},"modified":"2025-04-10T14:02:44","modified_gmt":"2025-04-10T13:02:44","slug":"download","status":"publish","type":"page","link":"https:\/\/www.ankerplan.de\/de_ls\/download\/","title":{"rendered":"Download"},"content":{"rendered":"<div data-elementor-type=\"wp-page\" data-elementor-id=\"223\" class=\"elementor elementor-223\" data-elementor-post-type=\"page\">\n\t\t\t\t<div class=\"elementor-element elementor-element-6a416ad e-flex e-con-boxed e-con e-parent\" data-id=\"6a416ad\" data-element_type=\"container\" data-e-type=\"container\" data-no-translation=\"\">\n\t\t\t\t\t<div class=\"e-con-inner\">\n\t\t\t\t<div class=\"elementor-element elementor-element-c1a9f9f elementor-widget elementor-widget-text-editor\" data-id=\"c1a9f9f\" data-element_type=\"widget\" data-e-type=\"widget\" data-widget_type=\"text-editor.default\">\n\t\t\t\t<div class=\"elementor-widget-container\">\n\t\t\t\t\t\t\t\t\t<h4><strong>Wichtige Vorsorgedokumente<\/strong><\/h4>\t\t\t\t\t\t\t\t<\/div>\n\t\t\t\t<\/div>\n\t\t\t\t<div class=\"elementor-element elementor-element-d1c738f elementor-widget elementor-widget-text-editor\" data-id=\"d1c738f\" data-element_type=\"widget\" data-e-type=\"widget\" data-widget_type=\"text-editor.default\">\n\t\t\t\t<div class=\"elementor-widget-container\">\n\t\t\t\t\t\t\t\t\t<p>Hier finden Sie wichtige Unterlagen zum Thema Vorsorge.<\/p><p>Diese Unterlagen helfen Ihnen:<\/p><ul><li><p>fr\u00fch wichtige Dinge zu regeln,<\/p><\/li><li><p>f\u00fcr sp\u00e4ter vorzusorgen,<\/p><\/li><li><p>und mit einem guten Gef\u00fchl in die Zukunft zu schauen.<\/p><\/li><\/ul><p>Mit diesen Dokumenten sch\u00fctzen Sie sich und Ihre Angeh\u00f6rigen.<\/p><p>Lassen Sie sich gut beraten.<br \/>Treffen Sie Ihre Entscheidungen rechtzeitig.<br \/>AnkerPlan hilft Ihnen dabei.<\/p><p>Mit diesen Dokumenten sichern Sie sich und Ihre Angeh\u00f6rigen bestm\u00f6glich ab.<\/p><p>Lassen Sie sich beraten und treffen Sie rechtzeitig die richtigen Entscheidungen.\u00a0 AnkerPlan steht Ihnen dabei unterst\u00fctzend zur Seite.<\/p>\t\t\t\t\t\t\t\t<\/div>\n\t\t\t\t<\/div>\n\t\t\t\t\t<\/div>\n\t\t\t\t<\/div>\n\t\t<div class=\"elementor-element elementor-element-755575a e-flex e-con-boxed e-con e-parent\" data-id=\"755575a\" data-element_type=\"container\" data-e-type=\"container\" data-no-translation=\"\">\n\t\t\t\t\t<div class=\"e-con-inner\">\n\t\t<div class=\"elementor-element elementor-element-81040b6 e-con-full e-flex e-con e-child\" data-id=\"81040b6\" data-element_type=\"container\" data-e-type=\"container\">\n\t\t\t\t<div class=\"elementor-element elementor-element-6d985b3 elementor-widget elementor-widget-text-editor\" data-id=\"6d985b3\" data-element_type=\"widget\" data-e-type=\"widget\" data-widget_type=\"text-editor.default\">\n\t\t\t\t<div class=\"elementor-widget-container\">\n\t\t\t\t\t\t\t\t\t<p><strong>Vorsorgevollmacht<\/strong><\/p>\t\t\t\t\t\t\t\t<\/div>\n\t\t\t\t<\/div>\n\t\t\t\t<\/div>\n\t\t<div class=\"elementor-element elementor-element-227ab59 e-con-full e-flex e-con e-child\" data-id=\"227ab59\" data-element_type=\"container\" data-e-type=\"container\">\n\t\t\t\t<div class=\"elementor-element elementor-element-7d78066 elementor-widget__width-initial elementor-widget elementor-widget-text-editor\" data-id=\"7d78066\" data-element_type=\"widget\" data-e-type=\"widget\" data-widget_type=\"text-editor.default\">\n\t\t\t\t<div class=\"elementor-widget-container\">\n\t\t\t\t\t\t\t\t\t<p><strong>&#8211; Vertrauen in gute H\u00e4nde<\/strong><\/p><p>Mit einer Vorsorgevollmacht bestimmen Sie eine Person, der Sie vertrauen.<br \/>Diese Person darf f\u00fcr Sie entscheiden, wenn Sie es selbst nicht mehr k\u00f6nnen.<\/p><p>Sie kann f\u00fcr Sie Dinge regeln, zum Beispiel:<\/p><ul><li><p>beim Geld,<\/p><\/li><li><p>beim Arzt,<\/p><\/li><li><p>oder bei rechtlichen Fragen.<\/p><\/li><\/ul><p>Ein Gericht muss dann keine Betreuung anordnen.<\/p><p>Mehr Infos und Unterlagen finden Sie auf der Internetseite vom Kreis Borken.<\/p>\t\t\t\t\t\t\t\t<\/div>\n\t\t\t\t<\/div>\n\t\t\t\t<\/div>\n\t\t\t\t<div class=\"elementor-element elementor-element-833899b elementor-widget__width-initial elementor-view-default elementor-widget elementor-widget-icon\" data-id=\"833899b\" data-element_type=\"widget\" data-e-type=\"widget\" data-widget_type=\"icon.default\">\n\t\t\t\t<div class=\"elementor-widget-container\">\n\t\t\t\t\t\t\t<div class=\"elementor-icon-wrapper\">\n\t\t\t<a class=\"elementor-icon\" href=\"https:\/\/www.kreis-borken.de\/de\/kreisregion\/gesundheit-soziales\/soziales\/betreuung-vorsorge.php\" target=\"_blank\">\n\t\t\t<svg aria-hidden=\"true\" class=\"e-font-icon-svg e-fas-download\" viewbox=\"0 0 512 512\" xmlns=\"http:\/\/www.w3.org\/2000\/svg\"><path d=\"M216 0h80c13.3 0 24 10.7 24 24v168h87.7c17.8 0 26.7 21.5 14.1 34.1L269.7 378.3c-7.5 7.5-19.8 7.5-27.3 0L90.1 226.1c-12.6-12.6-3.7-34.1 14.1-34.1H192V24c0-13.3 10.7-24 24-24zm296 376v112c0 13.3-10.7 24-24 24H24c-13.3 0-24-10.7-24-24V376c0-13.3 10.7-24 24-24h146.7l49 49c20.1 20.1 52.5 20.1 72.6 0l49-49H488c13.3 0 24 10.7 24 24zm-124 88c0-11-9-20-20-20s-20 9-20 20 9 20 20 20 20-9 20-20zm64 0c0-11-9-20-20-20s-20 9-20 20 9 20 20 20 20-9 20-20z\"><\/path><\/svg>\t\t\t<\/a>\n\t\t<\/div>\n\t\t\t\t\t\t<\/div>\n\t\t\t\t<\/div>\n\t\t\t\t\t<\/div>\n\t\t\t\t<\/div>\n\t\t<div class=\"elementor-element elementor-element-69f9021 e-flex e-con-boxed e-con e-parent\" data-id=\"69f9021\" data-element_type=\"container\" data-e-type=\"container\" data-no-translation=\"\">\n\t\t\t\t\t<div class=\"e-con-inner\">\n\t\t<div class=\"elementor-element elementor-element-77724d3 e-con-full e-flex e-con e-child\" data-id=\"77724d3\" data-element_type=\"container\" data-e-type=\"container\">\n\t\t\t\t<div class=\"elementor-element elementor-element-8f30a12 elementor-widget elementor-widget-text-editor\" data-id=\"8f30a12\" data-element_type=\"widget\" data-e-type=\"widget\" data-widget_type=\"text-editor.default\">\n\t\t\t\t<div class=\"elementor-widget-container\">\n\t\t\t\t\t\t\t\t\t<p><strong>Betreuungsvollmacht<\/strong>\u00a0<\/p>\t\t\t\t\t\t\t\t<\/div>\n\t\t\t\t<\/div>\n\t\t\t\t<\/div>\n\t\t<div class=\"elementor-element elementor-element-2692cfb e-con-full e-flex e-con e-child\" data-id=\"2692cfb\" data-element_type=\"container\" data-e-type=\"container\">\n\t\t\t\t<div class=\"elementor-element elementor-element-c3164cd elementor-widget__width-initial elementor-widget elementor-widget-text-editor\" data-id=\"c3164cd\" data-element_type=\"widget\" data-e-type=\"widget\" data-widget_type=\"text-editor.default\">\n\t\t\t\t<div class=\"elementor-widget-container\">\n\t\t\t\t\t\t\t\t\t<p><strong>&#8211; wenn Unterst\u00fctzung n\u00f6tig ist<\/strong><\/p><p>Haben Sie keine Vorsorgevollmacht, entscheidet das Gericht.<br \/>Das Gericht bestimmt dann eine Betreuungsperson.<\/p><p>Mit einer Betreuungsvollmacht k\u00f6nnen Sie vorher festlegen,<br \/>wer Sie im Ernstfall unterst\u00fctzen soll.<br \/>So bestimmen Sie selbst, wer sich sp\u00e4ter um Ihre Angelegenheiten k\u00fcmmert.<\/p><p>Mehr Infos und Unterlagen finden Sie auf der Internetseite vom Kreis Borken.<\/p>\t\t\t\t\t\t\t\t<\/div>\n\t\t\t\t<\/div>\n\t\t\t\t<\/div>\n\t\t\t\t<div class=\"elementor-element elementor-element-310cf7a elementor-widget__width-initial elementor-view-default elementor-widget elementor-widget-icon\" data-id=\"310cf7a\" data-element_type=\"widget\" data-e-type=\"widget\" data-widget_type=\"icon.default\">\n\t\t\t\t<div class=\"elementor-widget-container\">\n\t\t\t\t\t\t\t<div class=\"elementor-icon-wrapper\">\n\t\t\t<a class=\"elementor-icon\" href=\"https:\/\/www.kreis-borken.de\/de\/kreisregion\/gesundheit-soziales\/soziales\/betreuung-vorsorge.php\" target=\"_blank\">\n\t\t\t<svg aria-hidden=\"true\" class=\"e-font-icon-svg e-fas-download\" viewbox=\"0 0 512 512\" xmlns=\"http:\/\/www.w3.org\/2000\/svg\"><path d=\"M216 0h80c13.3 0 24 10.7 24 24v168h87.7c17.8 0 26.7 21.5 14.1 34.1L269.7 378.3c-7.5 7.5-19.8 7.5-27.3 0L90.1 226.1c-12.6-12.6-3.7-34.1 14.1-34.1H192V24c0-13.3 10.7-24 24-24zm296 376v112c0 13.3-10.7 24-24 24H24c-13.3 0-24-10.7-24-24V376c0-13.3 10.7-24 24-24h146.7l49 49c20.1 20.1 52.5 20.1 72.6 0l49-49H488c13.3 0 24 10.7 24 24zm-124 88c0-11-9-20-20-20s-20 9-20 20 9 20 20 20 20-9 20-20zm64 0c0-11-9-20-20-20s-20 9-20 20 9 20 20 20 20-9 20-20z\"><\/path><\/svg>\t\t\t<\/a>\n\t\t<\/div>\n\t\t\t\t\t\t<\/div>\n\t\t\t\t<\/div>\n\t\t\t\t\t<\/div>\n\t\t\t\t<\/div>\n\t\t<div class=\"elementor-element elementor-element-c9c6dd5 e-flex e-con-boxed e-con e-parent\" data-id=\"c9c6dd5\" data-element_type=\"container\" data-e-type=\"container\" data-no-translation=\"\">\n\t\t\t\t\t<div class=\"e-con-inner\">\n\t\t<div class=\"elementor-element elementor-element-688bbad e-con-full e-flex e-con e-child\" data-id=\"688bbad\" data-element_type=\"container\" data-e-type=\"container\">\n\t\t\t\t<div class=\"elementor-element elementor-element-9d46d87 elementor-widget elementor-widget-text-editor\" data-id=\"9d46d87\" data-element_type=\"widget\" data-e-type=\"widget\" data-widget_type=\"text-editor.default\">\n\t\t\t\t<div class=\"elementor-widget-container\">\n\t\t\t\t\t\t\t\t\t<p><strong>Patientenverf\u00fcgung<\/strong>\u00a0<\/p>\t\t\t\t\t\t\t\t<\/div>\n\t\t\t\t<\/div>\n\t\t\t\t<\/div>\n\t\t<div class=\"elementor-element elementor-element-066915e e-con-full e-flex e-con e-child\" data-id=\"066915e\" data-element_type=\"container\" data-e-type=\"container\">\n\t\t\t\t<div class=\"elementor-element elementor-element-a48214d elementor-widget__width-initial elementor-widget elementor-widget-text-editor\" data-id=\"a48214d\" data-element_type=\"widget\" data-e-type=\"widget\" data-widget_type=\"text-editor.default\">\n\t\t\t\t<div class=\"elementor-widget-container\">\n\t\t\t\t\t\t\t\t\t<p><strong>&#8211; selbst entscheiden, auch im Notfall<\/strong><\/p><p>Mit einer Patientenverf\u00fcgung bestimmen Sie selbst:<br \/>Welche Behandlungen m\u00f6chten Sie,<br \/>wenn Sie schwer krank sind oder einen Unfall haben?<\/p><p><br \/>Welche Behandlungen m\u00f6chten Sie nicht?<\/p><p>Auch wenn Sie nicht mehr selbst sprechen oder entscheiden k\u00f6nnen:<br \/>Ihre W\u00fcnsche gelten.<br \/>\u00c4rzte und Angeh\u00f6rige m\u00fcssen sich daran halten.<\/p><p>Auf der Internetseite vom Justizministerium NRW<br \/>gibt es Textvorlagen zum Herunterladen.<br \/>Damit k\u00f6nnen Sie Ihre W\u00fcnsche genau aufschreiben.<\/p>\t\t\t\t\t\t\t\t<\/div>\n\t\t\t\t<\/div>\n\t\t\t\t<\/div>\n\t\t\t\t<div class=\"elementor-element elementor-element-c8a1dc8 elementor-widget__width-initial elementor-view-default elementor-widget elementor-widget-icon\" data-id=\"c8a1dc8\" data-element_type=\"widget\" data-e-type=\"widget\" data-widget_type=\"icon.default\">\n\t\t\t\t<div class=\"elementor-widget-container\">\n\t\t\t\t\t\t\t<div class=\"elementor-icon-wrapper\">\n\t\t\t<a class=\"elementor-icon\" href=\"https:\/\/www.justiz.nrw\/BS\/lebenslagen\/familie\/Betreuungsverfahren\/patientenverfuegung\" target=\"_blank\">\n\t\t\t<svg aria-hidden=\"true\" class=\"e-font-icon-svg e-fas-download\" viewbox=\"0 0 512 512\" xmlns=\"http:\/\/www.w3.org\/2000\/svg\"><path d=\"M216 0h80c13.3 0 24 10.7 24 24v168h87.7c17.8 0 26.7 21.5 14.1 34.1L269.7 378.3c-7.5 7.5-19.8 7.5-27.3 0L90.1 226.1c-12.6-12.6-3.7-34.1 14.1-34.1H192V24c0-13.3 10.7-24 24-24zm296 376v112c0 13.3-10.7 24-24 24H24c-13.3 0-24-10.7-24-24V376c0-13.3 10.7-24 24-24h146.7l49 49c20.1 20.1 52.5 20.1 72.6 0l49-49H488c13.3 0 24 10.7 24 24zm-124 88c0-11-9-20-20-20s-20 9-20 20 9 20 20 20 20-9 20-20zm64 0c0-11-9-20-20-20s-20 9-20 20 9 20 20 20 20-9 20-20z\"><\/path><\/svg>\t\t\t<\/a>\n\t\t<\/div>\n\t\t\t\t\t\t<\/div>\n\t\t\t\t<\/div>\n\t\t\t\t\t<\/div>\n\t\t\t\t<\/div>\n\t\t<div class=\"elementor-element elementor-element-cf955c3 e-flex e-con-boxed e-con e-parent\" data-id=\"cf955c3\" data-element_type=\"container\" data-e-type=\"container\" data-no-translation=\"\">\n\t\t\t\t\t<div class=\"e-con-inner\">\n\t\t<div class=\"elementor-element elementor-element-e54fe3e e-con-full e-flex e-con e-child\" data-id=\"e54fe3e\" data-element_type=\"container\" data-e-type=\"container\">\n\t\t\t\t<div class=\"elementor-element elementor-element-eddb138 elementor-widget elementor-widget-text-editor\" data-id=\"eddb138\" data-element_type=\"widget\" data-e-type=\"widget\" data-widget_type=\"text-editor.default\">\n\t\t\t\t<div class=\"elementor-widget-container\">\n\t\t\t\t\t\t\t\t\t<p><b>Testament<\/b><\/p>\t\t\t\t\t\t\t\t<\/div>\n\t\t\t\t<\/div>\n\t\t\t\t<\/div>\n\t\t<div class=\"elementor-element elementor-element-32f63c7 e-con-full e-flex e-con e-child\" data-id=\"32f63c7\" data-element_type=\"container\" data-e-type=\"container\">\n\t\t\t\t<div class=\"elementor-element elementor-element-86cfeeb elementor-widget__width-initial elementor-widget elementor-widget-text-editor\" data-id=\"86cfeeb\" data-element_type=\"widget\" data-e-type=\"widget\" data-widget_type=\"text-editor.default\">\n\t\t\t\t<div class=\"elementor-widget-container\">\n\t\t\t\t\t\t\t\t\t<p><strong>&#8211; Ihr letzter Wille ist wichtig<\/strong><\/p><p>Mit einem Testament sagen Sie,<br \/>was nach Ihrem Tod mit Ihrem Geld und Besitz passieren soll.<\/p><p>So vermeiden Sie Streit in der Familie.<br \/>Und das was Sie besitzen wird so verteilt, wie Sie es sich w\u00fcnschen.<\/p><p>Wenn es kein Testament gibt,<br \/>gilt die gesetzliche Erbfolge.<br \/>Oft passt das aber nicht zu dem,<br \/>was die verstorbene Person gewollt hat.<\/p><p>Das Justizministerium NRW bietet dazu Informationen zum Herunterladen an.<\/p>\t\t\t\t\t\t\t\t<\/div>\n\t\t\t\t<\/div>\n\t\t\t\t<\/div>\n\t\t\t\t<div class=\"elementor-element elementor-element-32b12d0 elementor-widget__width-initial elementor-view-default elementor-widget elementor-widget-icon\" data-id=\"32b12d0\" data-element_type=\"widget\" data-e-type=\"widget\" data-widget_type=\"icon.default\">\n\t\t\t\t<div class=\"elementor-widget-container\">\n\t\t\t\t\t\t\t<div class=\"elementor-icon-wrapper\">\n\t\t\t<a class=\"elementor-icon\" href=\"https:\/\/www.justiz.nrw.de\/BS\/recht_a_z\/T\/Testament\" target=\"_blank\">\n\t\t\t<svg aria-hidden=\"true\" class=\"e-font-icon-svg e-fas-download\" viewbox=\"0 0 512 512\" xmlns=\"http:\/\/www.w3.org\/2000\/svg\"><path d=\"M216 0h80c13.3 0 24 10.7 24 24v168h87.7c17.8 0 26.7 21.5 14.1 34.1L269.7 378.3c-7.5 7.5-19.8 7.5-27.3 0L90.1 226.1c-12.6-12.6-3.7-34.1 14.1-34.1H192V24c0-13.3 10.7-24 24-24zm296 376v112c0 13.3-10.7 24-24 24H24c-13.3 0-24-10.7-24-24V376c0-13.3 10.7-24 24-24h146.7l49 49c20.1 20.1 52.5 20.1 72.6 0l49-49H488c13.3 0 24 10.7 24 24zm-124 88c0-11-9-20-20-20s-20 9-20 20 9 20 20 20 20-9 20-20zm64 0c0-11-9-20-20-20s-20 9-20 20 9 20 20 20 20-9 20-20z\"><\/path><\/svg>\t\t\t<\/a>\n\t\t<\/div>\n\t\t\t\t\t\t<\/div>\n\t\t\t\t<\/div>\n\t\t\t\t\t<\/div>\n\t\t\t\t<\/div>\n\t\t<div class=\"elementor-element elementor-element-e0f2635 e-flex e-con-boxed e-con e-parent\" data-id=\"e0f2635\" data-element_type=\"container\" data-e-type=\"container\" data-no-translation=\"\">\n\t\t\t\t\t<div class=\"e-con-inner\">\n\t\t<div class=\"elementor-element elementor-element-f80112a e-con-full e-flex e-con e-child\" data-id=\"f80112a\" data-element_type=\"container\" data-e-type=\"container\">\n\t\t\t\t<div class=\"elementor-element elementor-element-a5766b7 elementor-widget elementor-widget-text-editor\" data-id=\"a5766b7\" data-element_type=\"widget\" data-e-type=\"widget\" data-widget_type=\"text-editor.default\">\n\t\t\t\t<div class=\"elementor-widget-container\">\n\t\t\t\t\t\t\t\t\t<p><b>Notfallkarte<\/b><\/p>\t\t\t\t\t\t\t\t<\/div>\n\t\t\t\t<\/div>\n\t\t\t\t<\/div>\n\t\t<div class=\"elementor-element elementor-element-ece6eb6 e-con-full e-flex e-con e-child\" data-id=\"ece6eb6\" data-element_type=\"container\" data-e-type=\"container\">\n\t\t\t\t<div class=\"elementor-element elementor-element-9204e9b elementor-widget__width-initial elementor-widget elementor-widget-text-editor\" data-id=\"9204e9b\" data-element_type=\"widget\" data-e-type=\"widget\" data-widget_type=\"text-editor.default\">\n\t\t\t\t<div class=\"elementor-widget-container\">\n\t\t\t\t\t\t\t\t\t<p><strong>&#8211; wenn niemand etwas sagen kann<\/strong><\/p><p>Es gibt eine Karte f\u00fcr den Geldbeutel.<br \/>Diese Karte hilft im Notfall.<\/p><p>Auf der Karte stehen wichtige Infos:<\/p><ul><li><p>Haben Sie eine Vorsorgevollmacht oder eine Patientenverf\u00fcgung?<\/p><\/li><li><p>Wer soll im Notfall angerufen werden?<\/p><\/li><li><p>Wer ist Ihre Vertrauensperson?<\/p><\/li><\/ul><p>So wissen Rettungskr\u00e4fte schnell, was zu tun ist.<br \/>Und sie handeln in Ihrem Sinne.<\/p><p>Haben Sie ein Haustier?<br \/>Auch das k\u00f6nnen Sie auf der Karte eintragen.<br \/>Dann wird im Notfall jemand benachrichtigt, der sich darum k\u00fcmmert.<\/p>\t\t\t\t\t\t\t\t<\/div>\n\t\t\t\t<\/div>\n\t\t\t\t<\/div>\n\t\t\t\t<div class=\"elementor-element elementor-element-aafbf1a elementor-widget__width-initial elementor-view-default elementor-widget elementor-widget-icon\" data-id=\"aafbf1a\" data-element_type=\"widget\" data-e-type=\"widget\" data-widget_type=\"icon.default\">\n\t\t\t\t<div class=\"elementor-widget-container\">\n\t\t\t\t\t\t\t<div class=\"elementor-icon-wrapper\">\n\t\t\t<a class=\"elementor-icon\" href=\"https:\/\/www.ankerplan.de\/wp-content\/uploads\/Notfall-Info.pdf\" target=\"_blank\">\n\t\t\t<svg aria-hidden=\"true\" class=\"e-font-icon-svg e-fas-download\" viewbox=\"0 0 512 512\" xmlns=\"http:\/\/www.w3.org\/2000\/svg\"><path d=\"M216 0h80c13.3 0 24 10.7 24 24v168h87.7c17.8 0 26.7 21.5 14.1 34.1L269.7 378.3c-7.5 7.5-19.8 7.5-27.3 0L90.1 226.1c-12.6-12.6-3.7-34.1 14.1-34.1H192V24c0-13.3 10.7-24 24-24zm296 376v112c0 13.3-10.7 24-24 24H24c-13.3 0-24-10.7-24-24V376c0-13.3 10.7-24 24-24h146.7l49 49c20.1 20.1 52.5 20.1 72.6 0l49-49H488c13.3 0 24 10.7 24 24zm-124 88c0-11-9-20-20-20s-20 9-20 20 9 20 20 20 20-9 20-20zm64 0c0-11-9-20-20-20s-20 9-20 20 9 20 20 20 20-9 20-20z\"><\/path><\/svg>\t\t\t<\/a>\n\t\t<\/div>\n\t\t\t\t\t\t<\/div>\n\t\t\t\t<\/div>\n\t\t\t\t\t<\/div>\n\t\t\t\t<\/div>\n\t\t\t\t<\/div>","protected":false},"excerpt":{"rendered":"<p>Wichtige Vorsorgedokumente Hier finden Sie wichtige Dokumente zum Thema Vorsorge. Diese Unterlagen k\u00f6nnen Ihnen dabei helfen, fr\u00fchzeitig Regelungen f\u00fcr verschiedene Lebensbereiche zu treffen, jetzt vorzusorgen und beruhigt in die Zukunft blicken! Mit diesen Dokumenten sichern Sie sich und Ihre Angeh\u00f6rigen bestm\u00f6glich ab. \u00a0 Lassen Sie sich beraten und treffen Sie rechtzeitig die richtigen Entscheidungen.\u00a0 AnkerPlan [&hellip;]<\/p>\n","protected":false},"author":1,"featured_media":0,"parent":0,"menu_order":900,"comment_status":"closed","ping_status":"closed","template":"","meta":{"footnotes":""},"class_list":["post-223","page","type-page","status-publish","hentry"],"_links":{"self":[{"href":"https:\/\/www.ankerplan.de\/de_ls\/wp-json\/wp\/v2\/pages\/223","targetHints":{"allow":["GET"]}}],"collection":[{"href":"https:\/\/www.ankerplan.de\/de_ls\/wp-json\/wp\/v2\/pages"}],"about":[{"href":"https:\/\/www.ankerplan.de\/de_ls\/wp-json\/wp\/v2\/types\/page"}],"author":[{"embeddable":true,"href":"https:\/\/www.ankerplan.de\/de_ls\/wp-json\/wp\/v2\/users\/1"}],"replies":[{"embeddable":true,"href":"https:\/\/www.ankerplan.de\/de_ls\/wp-json\/wp\/v2\/comments?post=223"}],"version-history":[{"count":27,"href":"https:\/\/www.ankerplan.de\/de_ls\/wp-json\/wp\/v2\/pages\/223\/revisions"}],"predecessor-version":[{"id":862,"href":"https:\/\/www.ankerplan.de\/de_ls\/wp-json\/wp\/v2\/pages\/223\/revisions\/862"}],"wp:attachment":[{"href":"https:\/\/www.ankerplan.de\/de_ls\/wp-json\/wp\/v2\/media?parent=223"}],"curies":[{"name":"wp","href":"https:\/\/api.w.org\/{rel}","templated":true}]}}