{"id":224,"date":"2024-11-18T21:08:54","date_gmt":"2024-11-18T21:08:54","guid":{"rendered":"https:\/\/ankerplan-4k1qtqxvzy.live-website.com\/kontakt\/"},"modified":"2025-04-10T13:05:50","modified_gmt":"2025-04-10T12:05:50","slug":"termine","status":"publish","type":"page","link":"https:\/\/www.ankerplan.de\/de_ls\/termine\/","title":{"rendered":"Termine"},"content":{"rendered":"<div data-elementor-type=\"wp-page\" data-elementor-id=\"224\" class=\"elementor elementor-224\" data-elementor-post-type=\"page\">\n\t\t\t\t<div class=\"elementor-element elementor-element-9b03542 e-flex e-con-boxed e-con e-parent\" data-id=\"9b03542\" data-element_type=\"container\" data-e-type=\"container\" data-no-translation=\"\">\n\t\t\t\t\t<div class=\"e-con-inner\">\n\t\t\t\t<div class=\"elementor-element elementor-element-13df683 elementor-widget elementor-widget-text-editor\" data-id=\"13df683\" data-element_type=\"widget\" data-e-type=\"widget\" data-widget_type=\"text-editor.default\">\n\t\t\t\t<div class=\"elementor-widget-container\">\n\t\t\t\t\t\t\t\t\t<p class=\"\" data-start=\"28\" data-end=\"45\"><strong data-start=\"28\" data-end=\"43\">B\u00fcrozeiten:<\/strong><\/p><p class=\"\" data-start=\"47\" data-end=\"119\">Ich bin erreichbar:<br data-start=\"66\" data-end=\"69\" \/>\ud83d\udd51 Montag bis Donnerstag, von 9:00 bis 12:00 Uhr<\/p><p class=\"\" data-start=\"121\" data-end=\"222\">Au\u00dferhalb dieser Zeit bin ich oft unterwegs.<br data-start=\"165\" data-end=\"168\" \/>Zum Beispiel bei Terminen, bei Klienten oder im Amt.<\/p><p data-start=\"121\" data-end=\"222\">\u00a0<\/p><p class=\"\" data-start=\"224\" data-end=\"351\">Wenn Sie mich nicht direkt erreichen<\/p><p>schreiben Sie mir eine <a style=\"font-size: 16px;\" href=\"mailto: info@ankerplan.de\">\ud83d\udce7\u00a0<strong>E-Mail<\/strong><\/a>\u00a0<\/p><p>oder<\/p><p>schicken Sie mir eine\u00a0<a style=\"font-size: 16px;\" href=\"https:\/\/wa.me\/004915126032419\">\ud83d\udcf1 <strong>WhatsApp<\/strong><\/a><\/p><p class=\"\" data-start=\"353\" data-end=\"403\">Ich melde mich so schnell wie m\u00f6glich bei Ihnen.<\/p><p class=\"\" data-start=\"405\" data-end=\"510\">M\u00f6chten Sie ein pers\u00f6nliches Gespr\u00e4ch?<br data-start=\"443\" data-end=\"446\" \/>Dann machen wir einen Termin aus.<br data-start=\"479\" data-end=\"482\" \/>Schreiben Sie mir einfach.<\/p><p class=\"\" data-start=\"512\" data-end=\"548\"><strong data-start=\"512\" data-end=\"548\" data-is-last-node=\"\">Vielen Dank f\u00fcr Ihr Verst\u00e4ndnis!<\/strong><\/p>\t\t\t\t\t\t\t\t<\/div>\n\t\t\t\t<\/div>\n\t\t\t\t\t<\/div>\n\t\t\t\t<\/div>\n\t\t\t\t<\/div>","protected":false},"excerpt":{"rendered":"<p>B\u00fcrozeiten: Ich bin in meinen regul\u00e4ren B\u00fcrozeiten erreichbar: \ud83d\udd51 Montag \u2013 Donnerstag: 09:00 \u2013 12:00 Uhr Au\u00dferhalb dieser Zeiten bin ich h\u00e4ufig in Terminen, bei Klientenbesuchen oder Beh\u00f6rdeng\u00e4ngen unterwegs. Sollte ich nicht direkt erreichbar sein, melden Sie sich gerne per\u00a0\ud83d\udce7\u00a0E-Mail oder\u00a0\ud83d\udcf1\u00a0WhatsApp \u2013 ich werde mich schnellstm\u00f6glich zur\u00fcckmelden. F\u00fcr pers\u00f6nliche Gespr\u00e4che oder ausf\u00fchrlichere Anliegen vereinbaren wir [&hellip;]<\/p>\n","protected":false},"author":1,"featured_media":0,"parent":0,"menu_order":400,"comment_status":"closed","ping_status":"closed","template":"","meta":{"footnotes":""},"class_list":["post-224","page","type-page","status-publish","hentry"],"_links":{"self":[{"href":"https:\/\/www.ankerplan.de\/de_ls\/wp-json\/wp\/v2\/pages\/224","targetHints":{"allow":["GET"]}}],"collection":[{"href":"https:\/\/www.ankerplan.de\/de_ls\/wp-json\/wp\/v2\/pages"}],"about":[{"href":"https:\/\/www.ankerplan.de\/de_ls\/wp-json\/wp\/v2\/types\/page"}],"author":[{"embeddable":true,"href":"https:\/\/www.ankerplan.de\/de_ls\/wp-json\/wp\/v2\/users\/1"}],"replies":[{"embeddable":true,"href":"https:\/\/www.ankerplan.de\/de_ls\/wp-json\/wp\/v2\/comments?post=224"}],"version-history":[{"count":21,"href":"https:\/\/www.ankerplan.de\/de_ls\/wp-json\/wp\/v2\/pages\/224\/revisions"}],"predecessor-version":[{"id":768,"href":"https:\/\/www.ankerplan.de\/de_ls\/wp-json\/wp\/v2\/pages\/224\/revisions\/768"}],"wp:attachment":[{"href":"https:\/\/www.ankerplan.de\/de_ls\/wp-json\/wp\/v2\/media?parent=224"}],"curies":[{"name":"wp","href":"https:\/\/api.w.org\/{rel}","templated":true}]}}