{"id":226,"date":"2024-11-18T21:08:55","date_gmt":"2024-11-18T21:08:55","guid":{"rendered":"https:\/\/ankerplan-4k1qtqxvzy.live-website.com\/start\/"},"modified":"2025-04-10T14:31:36","modified_gmt":"2025-04-10T13:31:36","slug":"wohnungsangelegenheiten","status":"publish","type":"page","link":"https:\/\/www.ankerplan.de\/de_ls\/wohnungsangelegenheiten\/","title":{"rendered":"Wohnungsangelegenheiten"},"content":{"rendered":"<div data-elementor-type=\"wp-page\" data-elementor-id=\"226\" class=\"elementor elementor-226\" data-elementor-post-type=\"page\">\n\t\t\t\t<div class=\"elementor-element elementor-element-7a0fa65 e-flex e-con-boxed e-con e-parent\" data-id=\"7a0fa65\" data-element_type=\"container\" data-e-type=\"container\">\n\t\t\t\t\t<div class=\"e-con-inner\">\n\t\t\t\t\t<\/div>\n\t\t\t\t<\/div>\n\t\t<div class=\"elementor-element elementor-element-e24b15c e-flex e-con-boxed e-con e-parent\" data-id=\"e24b15c\" data-element_type=\"container\" data-e-type=\"container\" data-no-translation=\"\">\n\t\t\t\t\t<div class=\"e-con-inner\">\n\t\t<div class=\"elementor-element elementor-element-3dfe107 e-con-full e-flex e-con e-child\" data-id=\"3dfe107\" data-element_type=\"container\" data-e-type=\"container\" data-no-translation=\"\">\n\t\t<div class=\"elementor-element elementor-element-946189c e-con-full e-flex e-con e-child\" data-id=\"946189c\" data-element_type=\"container\" data-e-type=\"container\">\n\t\t\t\t<div class=\"elementor-element elementor-element-8daa63e elementor-widget__width-initial elementor-widget elementor-widget-image\" data-id=\"8daa63e\" data-element_type=\"widget\" data-e-type=\"widget\" data-widget_type=\"image.default\">\n\t\t\t\t<div class=\"elementor-widget-container\">\n\t\t\t\t\t\t\t\t\t\t\t\t\t\t\t<img fetchpriority=\"high\" decoding=\"async\" width=\"800\" height=\"620\" src=\"https:\/\/www.ankerplan.de\/wp-content\/uploads\/gemuetlich-1024x794.png\" class=\"attachment-large size-large wp-image-642\" alt=\"\" srcset=\"https:\/\/www.ankerplan.de\/wp-content\/uploads\/gemuetlich-1024x794.png 1024w, https:\/\/www.ankerplan.de\/wp-content\/uploads\/gemuetlich-300x233.png 300w, https:\/\/www.ankerplan.de\/wp-content\/uploads\/gemuetlich-768x595.png 768w, https:\/\/www.ankerplan.de\/wp-content\/uploads\/gemuetlich-1536x1191.png 1536w, https:\/\/www.ankerplan.de\/wp-content\/uploads\/gemuetlich-2048x1587.png 2048w, https:\/\/www.ankerplan.de\/wp-content\/uploads\/gemuetlich-15x12.png 15w\" sizes=\"(max-width: 800px) 100vw, 800px\" \/>\t\t\t\t\t\t\t\t\t\t\t\t\t\t\t<\/div>\n\t\t\t\t<\/div>\n\t\t\t\t<\/div>\n\t\t<div class=\"elementor-element elementor-element-3fa0cee e-con-full e-flex e-con e-child\" data-id=\"3fa0cee\" data-element_type=\"container\" data-e-type=\"container\">\n\t\t\t\t<div class=\"elementor-element elementor-element-387349b elementor-widget elementor-widget-text-editor\" data-id=\"387349b\" data-element_type=\"widget\" data-e-type=\"widget\" data-widget_type=\"text-editor.default\">\n\t\t\t\t<div class=\"elementor-widget-container\">\n\t\t\t\t\t\t\t\t\t<h5><strong>Ein sicheres Zuhause \u2013 Hilfe bei Wohnungs-Problemen<\/strong><\/h5><p><strong>Ein Zuhause ist mehr als nur eine Wohnung.<\/strong><br \/>Es ist ein Ort zum Wohlf\u00fchlen und zum Sicherf\u00fchlen.<br \/>Aber manchmal gibt es Probleme mit der Wohnung.<br \/>Dann kann es schwer sein, alleine eine L\u00f6sung zu finden.<br \/>Ich helfe Ihnen dabei!<\/p><p><strong>Wie kann ich Sie unterst\u00fctzen?<\/strong><br \/>Manchmal gibt es Schwierigkeiten mit:<br \/>\u2022 Mietvertr\u00e4gen,<br \/>\u2022 hohen Nebenkosten,<br \/>\u2022 Streit mit dem Vermieter,<br \/>\u2022 der Suche nach einer neuen Wohnung.<\/p><p>Wenn das Gericht mich mit dieser Aufgabe beauftragt,<br \/>unterst\u00fctze ich Sie in allen Wohnungs-Fragen.<\/p><p><strong>Schritt f\u00fcr Schritt helfe ich Ihnen<\/strong>:<\/p><ul><li>Ihre Wohnung zu behalten:\u00a0 ich k\u00fcmmere mich mit Ihnen darum, dass Sie m\u00f6glichst in Ihrer Wohnung bleiben k\u00f6nnen.<\/li><li>Vertr\u00e4ge und Rechnungen pr\u00fcfen:\u00a0 Ich schaue nach, ob Mietvertr\u00e4ge und Nebenkosten richtig sind.<\/li><li>Hilfe beim Umzug:\u00a0 falls ein Umzug n\u00f6tig ist, plane ich mit Ihnen die Suche nach einer Wohnung, die zu Ihnen passt \u2013 zum Beispiel barrierefrei oder g\u00fcnstig.<\/li><\/ul><p>\u00a0<\/p><p>Sie entscheiden selbst!<br \/>Ich nehme Ihnen keine Entscheidungen ab.<br \/>Ich unterst\u00fctze Sie dabei, Ihre Rechte zu sch\u00fctzen.<\/p><p><strong>Sie haben die Kontrolle \u00fcber Ihr Zuhause \u2013 auch in schwierigen Zeiten.<\/strong><\/p>\t\t\t\t\t\t\t\t<\/div>\n\t\t\t\t<\/div>\n\t\t\t\t<\/div>\n\t\t\t\t<\/div>\n\t\t\t\t\t<\/div>\n\t\t\t\t<\/div>\n\t\t\t\t<\/div>","protected":false},"excerpt":{"rendered":"<p>Ein sicheres Zuhause \u2013 Unterst\u00fctzung bei WohnungsangelegenheitenEin Zuhause ist mehr als nur ein Dach \u00fcber dem Kopf. Es ist ein Ort der Sicherheit, der Geborgenheit und der Stabilit\u00e4t. Doch manchmal k\u00f6nnen Herausforderungen im Bereich der Wohnungsangelegenheiten auftreten, die alleine schwer zu bew\u00e4ltigen sind. Als rechtliche Betreuerin stehe ich Ihnen in diesen Situationen zur Seite \u2013 [&hellip;]<\/p>\n","protected":false},"author":1,"featured_media":0,"parent":0,"menu_order":2000,"comment_status":"closed","ping_status":"closed","template":"","meta":{"footnotes":""},"class_list":["post-226","page","type-page","status-publish","hentry"],"_links":{"self":[{"href":"https:\/\/www.ankerplan.de\/de_ls\/wp-json\/wp\/v2\/pages\/226","targetHints":{"allow":["GET"]}}],"collection":[{"href":"https:\/\/www.ankerplan.de\/de_ls\/wp-json\/wp\/v2\/pages"}],"about":[{"href":"https:\/\/www.ankerplan.de\/de_ls\/wp-json\/wp\/v2\/types\/page"}],"author":[{"embeddable":true,"href":"https:\/\/www.ankerplan.de\/de_ls\/wp-json\/wp\/v2\/users\/1"}],"replies":[{"embeddable":true,"href":"https:\/\/www.ankerplan.de\/de_ls\/wp-json\/wp\/v2\/comments?post=226"}],"version-history":[{"count":52,"href":"https:\/\/www.ankerplan.de\/de_ls\/wp-json\/wp\/v2\/pages\/226\/revisions"}],"predecessor-version":[{"id":877,"href":"https:\/\/www.ankerplan.de\/de_ls\/wp-json\/wp\/v2\/pages\/226\/revisions\/877"}],"wp:attachment":[{"href":"https:\/\/www.ankerplan.de\/de_ls\/wp-json\/wp\/v2\/media?parent=226"}],"curies":[{"name":"wp","href":"https:\/\/api.w.org\/{rel}","templated":true}]}}