{"id":262,"date":"2025-02-27T14:43:42","date_gmt":"2025-02-27T13:43:42","guid":{"rendered":"https:\/\/ankerplan-4k1qtqxvzy.live-website.com\/?page_id=262"},"modified":"2025-04-17T19:00:33","modified_gmt":"2025-04-17T18:00:33","slug":"rechtliche-betreuung","status":"publish","type":"page","link":"https:\/\/www.ankerplan.de\/de_ls\/rechtliche-betreuung\/","title":{"rendered":"Rechtliche Betreuung"},"content":{"rendered":"<div data-elementor-type=\"wp-page\" data-elementor-id=\"262\" class=\"elementor elementor-262\" data-elementor-post-type=\"page\">\n\t\t\t\t<div class=\"elementor-element elementor-element-0be715b e-flex e-con-boxed e-con e-parent\" data-id=\"0be715b\" data-element_type=\"container\" data-e-type=\"container\" data-no-translation=\"\">\n\t\t\t\t\t<div class=\"e-con-inner\">\n\t\t<div class=\"elementor-element elementor-element-713df1a e-con-full e-flex e-con e-child\" data-id=\"713df1a\" data-element_type=\"container\" data-e-type=\"container\">\n\t\t\t\t<div class=\"elementor-element elementor-element-2be2e2f elementor-widget__width-initial elementor-widget elementor-widget-image\" data-id=\"2be2e2f\" data-element_type=\"widget\" data-e-type=\"widget\" data-widget_type=\"image.default\">\n\t\t\t\t<div class=\"elementor-widget-container\">\n\t\t\t\t\t\t\t\t\t\t\t\t\t\t\t<img fetchpriority=\"high\" decoding=\"async\" width=\"800\" height=\"776\" src=\"https:\/\/www.ankerplan.de\/wp-content\/uploads\/gesetzliche-betreuerin-1024x993.png\" class=\"attachment-large size-large wp-image-623\" alt=\"\" srcset=\"https:\/\/www.ankerplan.de\/wp-content\/uploads\/gesetzliche-betreuerin-1024x993.png 1024w, https:\/\/www.ankerplan.de\/wp-content\/uploads\/gesetzliche-betreuerin-300x291.png 300w, https:\/\/www.ankerplan.de\/wp-content\/uploads\/gesetzliche-betreuerin-768x744.png 768w, https:\/\/www.ankerplan.de\/wp-content\/uploads\/gesetzliche-betreuerin-1536x1489.png 1536w, https:\/\/www.ankerplan.de\/wp-content\/uploads\/gesetzliche-betreuerin-2048x1985.png 2048w, https:\/\/www.ankerplan.de\/wp-content\/uploads\/gesetzliche-betreuerin-12x12.png 12w\" sizes=\"(max-width: 800px) 100vw, 800px\" \/>\t\t\t\t\t\t\t\t\t\t\t\t\t\t\t<\/div>\n\t\t\t\t<\/div>\n\t\t\t\t<\/div>\n\t\t<div class=\"elementor-element elementor-element-990e95c e-con-full e-flex e-con e-child\" data-id=\"990e95c\" data-element_type=\"container\" data-e-type=\"container\">\n\t\t\t\t<div class=\"elementor-element elementor-element-673f12a elementor-widget elementor-widget-text-editor\" data-id=\"673f12a\" data-element_type=\"widget\" data-e-type=\"widget\" data-widget_type=\"text-editor.default\">\n\t\t\t\t<div class=\"elementor-widget-container\">\n\t\t\t\t\t\t\t\t\t<h5><strong>Was ist rechtliche Betreuung und wie bekommt man sie?<\/strong><\/h5><h6><strong>Manchmal braucht ein Mensch Unterst\u00fctzung im Leben.<\/strong><br \/><strong>Das kann viele Gr\u00fcnde haben, zum Beispiel:<\/strong><\/h6><ul><li>wegen einer Krankheit,<\/li><li>wegen des Alters,<\/li><li>oder weil wichtige Dinge schwer zu verstehen sind.<\/li><\/ul><p>\u00a0<\/p><p><strong>Vielleicht haben Sie Sorgen weil:<\/strong><\/p><ul><li>Sie nicht genau wissen, was rechtliche Betreuung bedeutet?<\/li><li>Sie Angst haben, die Kontrolle \u00fcber Ihr Leben zu verlieren?<\/li><\/ul><p>Ich m\u00f6chte Ihnen diese Sorgen nehmen.<\/p><p>\u00a0<\/p><p><strong>Was bedeutet rechtliche Betreuung?<\/strong><br \/>Rechtliche Betreuung ist individuell.<br \/>Ich passe meine Unterst\u00fctzung genau an Ihre Situation an.<br \/>Sie haben eine vertrauensvolle Ansprechperson, die Ihnen zuh\u00f6rt und sich f\u00fcr Sie einsetzt.<\/p><ul><li>Ihre W\u00fcnsche sind wichtig.<br \/>Ich entscheide nichts ohne Sie.<br \/>Ich handle immer in Ihrem Interesse und spreche alles mit Ihnen ab.<\/li><li>Ich helfe Ihnen im Alltag.<br \/>Ich k\u00fcmmere mich um:<br \/>&#8211; rechtliche Angelegenheiten,<br \/>&#8211; finanzielle Themen,<br \/>&#8211; Arztbesuche und Beh\u00f6rdenbriefe.<br \/>Das Gericht entscheidet, welche Aufgaben ich f\u00fcr Sie \u00fcbernehmen darf.<\/li><\/ul><p>\u00a0<\/p><p><strong>Wie bekommt man eine rechtliche Betreuung?<\/strong><br \/>Eine Betreuung wird vom Betreuungsgericht angeordnet.<br \/>Das passiert nur mit Ihrem Einverst\u00e4ndnis.<br \/>Nur in Notf\u00e4llen kann eine Betreuung sofort angeordnet werden.<\/p><p><strong>Mein Ziel:<\/strong> Ihre Sicherheit und Unterst\u00fctzung<br \/>Ich sehe den Menschen hinter jeder Situation.<br \/>Ich m\u00f6chte, dass Sie sich gut aufgehoben f\u00fchlen.<br \/>Zusammen finden wir L\u00f6sungen, die Ihnen Stabilit\u00e4t und Sicherheit geben.<br \/>Meine Arbeit basiert auf Vertrauen, Respekt und Mitgef\u00fchl.<br \/>Die Aufgaben eines Betreuers stehen im Gesetz, zum Beispiel in \u00a71821 BGB.<\/p>\t\t\t\t\t\t\t\t<\/div>\n\t\t\t\t<\/div>\n\t\t\t\t<\/div>\n\t\t\t\t\t<\/div>\n\t\t\t\t<\/div>\n\t\t\t\t<\/div>","protected":false},"excerpt":{"rendered":"<p>Was bedeutet rechtliche Betreuung und wie kommt es dazu? Ich wei\u00df, wie belastend es sein kann, wenn man auf Unterst\u00fctzung angewiesen ist. Vielleicht f\u00fchlen Sie sich unsicher, weil Sie nicht wissen, was rechtliche Betreuung genau bedeutet, oder Sie haben Angst, die Kontrolle zu verlieren. Lassen Sie mich Ihnen diese Sorgen nehmen: Rechtliche Betreuung ist individuell.Ich [&hellip;]<\/p>\n","protected":false},"author":1,"featured_media":0,"parent":0,"menu_order":1000,"comment_status":"closed","ping_status":"closed","template":"","meta":{"footnotes":""},"class_list":["post-262","page","type-page","status-publish","hentry"],"_links":{"self":[{"href":"https:\/\/www.ankerplan.de\/de_ls\/wp-json\/wp\/v2\/pages\/262","targetHints":{"allow":["GET"]}}],"collection":[{"href":"https:\/\/www.ankerplan.de\/de_ls\/wp-json\/wp\/v2\/pages"}],"about":[{"href":"https:\/\/www.ankerplan.de\/de_ls\/wp-json\/wp\/v2\/types\/page"}],"author":[{"embeddable":true,"href":"https:\/\/www.ankerplan.de\/de_ls\/wp-json\/wp\/v2\/users\/1"}],"replies":[{"embeddable":true,"href":"https:\/\/www.ankerplan.de\/de_ls\/wp-json\/wp\/v2\/comments?post=262"}],"version-history":[{"count":50,"href":"https:\/\/www.ankerplan.de\/de_ls\/wp-json\/wp\/v2\/pages\/262\/revisions"}],"predecessor-version":[{"id":908,"href":"https:\/\/www.ankerplan.de\/de_ls\/wp-json\/wp\/v2\/pages\/262\/revisions\/908"}],"wp:attachment":[{"href":"https:\/\/www.ankerplan.de\/de_ls\/wp-json\/wp\/v2\/media?parent=262"}],"curies":[{"name":"wp","href":"https:\/\/api.w.org\/{rel}","templated":true}]}}