{"id":350,"date":"2025-02-27T14:45:47","date_gmt":"2025-02-27T13:45:47","guid":{"rendered":"https:\/\/ankerplan-4k1qtqxvzy.live-website.com\/?page_id=350"},"modified":"2025-04-10T14:07:41","modified_gmt":"2025-04-10T13:07:41","slug":"behoerden-vertretung","status":"publish","type":"page","link":"https:\/\/www.ankerplan.de\/de_ls\/behoerden-vertretung\/","title":{"rendered":"Vertretung gegen\u00fcber Beh\u00f6rden"},"content":{"rendered":"<div data-elementor-type=\"wp-post\" data-elementor-id=\"350\" class=\"elementor elementor-350\" data-elementor-post-type=\"page\">\n\t\t\t\t<div class=\"elementor-element elementor-element-4b1efb1 e-flex e-con-boxed e-con e-parent\" data-id=\"4b1efb1\" data-element_type=\"container\" data-e-type=\"container\">\n\t\t\t\t\t<div class=\"e-con-inner\">\n\t\t\t\t\t<\/div>\n\t\t\t\t<\/div>\n\t\t<div class=\"elementor-element elementor-element-c0c8a70 e-flex e-con-boxed e-con e-parent\" data-id=\"c0c8a70\" data-element_type=\"container\" data-e-type=\"container\">\n\t\t\t\t\t<div class=\"e-con-inner\">\n\t\t<div class=\"elementor-element elementor-element-c370efc e-con-full e-flex e-con e-child\" data-id=\"c370efc\" data-element_type=\"container\" data-e-type=\"container\" data-no-translation=\"\">\n\t\t<div class=\"elementor-element elementor-element-4e3e899 e-con-full e-flex e-con e-child\" data-id=\"4e3e899\" data-element_type=\"container\" data-e-type=\"container\">\n\t\t\t\t<div class=\"elementor-element elementor-element-9fee268 elementor-widget elementor-widget-image\" data-id=\"9fee268\" data-element_type=\"widget\" data-e-type=\"widget\" data-widget_type=\"image.default\">\n\t\t\t\t<div class=\"elementor-widget-container\">\n\t\t\t\t\t\t\t\t\t\t\t\t\t\t\t<img fetchpriority=\"high\" decoding=\"async\" width=\"800\" height=\"780\" src=\"https:\/\/www.ankerplan.de\/wp-content\/uploads\/buero-2-1024x999.png\" class=\"attachment-large size-large wp-image-630\" alt=\"\" srcset=\"https:\/\/www.ankerplan.de\/wp-content\/uploads\/buero-2-1024x999.png 1024w, https:\/\/www.ankerplan.de\/wp-content\/uploads\/buero-2-300x293.png 300w, https:\/\/www.ankerplan.de\/wp-content\/uploads\/buero-2-768x749.png 768w, https:\/\/www.ankerplan.de\/wp-content\/uploads\/buero-2-1536x1499.png 1536w, https:\/\/www.ankerplan.de\/wp-content\/uploads\/buero-2-2048x1998.png 2048w, https:\/\/www.ankerplan.de\/wp-content\/uploads\/buero-2-12x12.png 12w\" sizes=\"(max-width: 800px) 100vw, 800px\" \/>\t\t\t\t\t\t\t\t\t\t\t\t\t\t\t<\/div>\n\t\t\t\t<\/div>\n\t\t\t\t<\/div>\n\t\t<div class=\"elementor-element elementor-element-5a17c64 e-con-full e-flex e-con e-child\" data-id=\"5a17c64\" data-element_type=\"container\" data-e-type=\"container\">\n\t\t\t\t<div class=\"elementor-element elementor-element-83c8d5d elementor-widget elementor-widget-text-editor\" data-id=\"83c8d5d\" data-element_type=\"widget\" data-e-type=\"widget\" data-widget_type=\"text-editor.default\">\n\t\t\t\t<div class=\"elementor-widget-container\">\n\t\t\t\t\t\t\t\t\t<h5><b>Vertrauensvolle Vertretung \u2013 Ihre Interessen stehen an erster Stelle<\/b><\/h5><h6><strong>Was bedeutet Vertretung bei Beh\u00f6rden und Gerichten?<\/strong><\/h6><p>Manche Menschen k\u00f6nnen ihre Rechte nicht alleine durchsetzen.<br \/>Zum Beispiel, wenn sie:<br \/>\u2022 einen Antrag stellen m\u00fcssen,<br \/>\u2022 gegen einen falschen Bescheid Widerspruch einlegen wollen,<br \/>\u2022 oder wenn sie vor Gericht Unterst\u00fctzung brauchen.<\/p><p><strong>Das Gesetz (\u00a7 1823 BGB) sagt:<\/strong><br \/>Ein rechtlicher Betreuer hilft in diesen F\u00e4llen.<br \/>Er sorgt daf\u00fcr, dass die Person verstanden wird.<br \/>Er sch\u00fctzt ihre Rechte und Interessen.<\/p><p><strong>Wie arbeite ich?<\/strong><br \/>Beh\u00f6rden und Gerichte k\u00f6nnen kompliziert sein.<br \/>Viele Menschen haben dabei Sorgen oder Angst.<br \/>Ich nehme mir Zeit, alles verst\u00e4ndlich zu erkl\u00e4ren.<br \/>Ich h\u00f6re Ihnen zu und verstehe Ihre W\u00fcnsche.<br \/>Gemeinsam finden wir die beste L\u00f6sung.<\/p><p><strong>Wann helfe ich Ihnen?<\/strong><br \/>\u2022 Bei Antr\u00e4gen an Beh\u00f6rden:\u00a0 zum Beispiel f\u00fcr Sozialleistungen oder Pflegegeld.<br \/>\u2022 Bei Widerspr\u00fcchen: wenn ein Bescheid nicht richtig ist.<br \/>\u2022 Bei Gerichtsverfahren: ich begleite Sie und vertrete Ihre Interessen vor Gericht.<\/p><p><strong>Mein Ziel:<\/strong><br \/>Ich m\u00f6chte Ihnen Sicherheit und Unterst\u00fctzung geben.<br \/>Sie k\u00f6nnen sich auf mich verlassen.<br \/>Ich helfe Ihnen, Ihre Rechte zu sch\u00fctzen und gute L\u00f6sungen zu finden.<\/p>\t\t\t\t\t\t\t\t<\/div>\n\t\t\t\t<\/div>\n\t\t\t\t<\/div>\n\t\t\t\t<\/div>\n\t\t\t\t\t<\/div>\n\t\t\t\t<\/div>\n\t\t\t\t<\/div>","protected":false},"excerpt":{"rendered":"<p>Vertrauensvolle Vertretung \u2013 Ihre Interessen im Fokus Was bedeutet Vertretung gegen\u00fcber Beh\u00f6rden und Gerichten?Im Rahmen der rechtlichen Betreuung geht es nach \u00a7 1823 BGB darum, Menschen zu unterst\u00fctzen, die selbst nicht in der Lage sind, ihre Rechte und Interessen gegen\u00fcber Beh\u00f6rden oder vor Gericht wahrzunehmen. Das k\u00f6nnen Situationen sein, in denen Antr\u00e4ge gestellt, Widerspr\u00fcche eingelegt [&hellip;]<\/p>\n","protected":false},"author":2,"featured_media":0,"parent":0,"menu_order":1500,"comment_status":"closed","ping_status":"closed","template":"","meta":{"footnotes":""},"class_list":["post-350","page","type-page","status-publish","hentry"],"_links":{"self":[{"href":"https:\/\/www.ankerplan.de\/de_ls\/wp-json\/wp\/v2\/pages\/350","targetHints":{"allow":["GET"]}}],"collection":[{"href":"https:\/\/www.ankerplan.de\/de_ls\/wp-json\/wp\/v2\/pages"}],"about":[{"href":"https:\/\/www.ankerplan.de\/de_ls\/wp-json\/wp\/v2\/types\/page"}],"author":[{"embeddable":true,"href":"https:\/\/www.ankerplan.de\/de_ls\/wp-json\/wp\/v2\/users\/2"}],"replies":[{"embeddable":true,"href":"https:\/\/www.ankerplan.de\/de_ls\/wp-json\/wp\/v2\/comments?post=350"}],"version-history":[{"count":30,"href":"https:\/\/www.ankerplan.de\/de_ls\/wp-json\/wp\/v2\/pages\/350\/revisions"}],"predecessor-version":[{"id":871,"href":"https:\/\/www.ankerplan.de\/de_ls\/wp-json\/wp\/v2\/pages\/350\/revisions\/871"}],"wp:attachment":[{"href":"https:\/\/www.ankerplan.de\/de_ls\/wp-json\/wp\/v2\/media?parent=350"}],"curies":[{"name":"wp","href":"https:\/\/api.w.org\/{rel}","templated":true}]}}