{"id":447,"date":"2025-03-14T10:25:24","date_gmt":"2025-03-14T09:25:24","guid":{"rendered":"https:\/\/www.ankerplan.de\/?page_id=447"},"modified":"2025-04-10T14:33:37","modified_gmt":"2025-04-10T13:33:37","slug":"vermoegenssorge","status":"publish","type":"page","link":"https:\/\/www.ankerplan.de\/de_ls\/vermoegenssorge\/","title":{"rendered":"Verm\u00f6genssorge"},"content":{"rendered":"<div data-elementor-type=\"wp-page\" data-elementor-id=\"447\" class=\"elementor elementor-447\" data-elementor-post-type=\"page\">\n\t\t\t\t<div class=\"elementor-element elementor-element-7feb2a9 e-flex e-con-boxed e-con e-parent\" data-id=\"7feb2a9\" data-element_type=\"container\" data-e-type=\"container\">\n\t\t\t\t\t<div class=\"e-con-inner\">\n\t\t\t\t\t<\/div>\n\t\t\t\t<\/div>\n\t\t<div class=\"elementor-element elementor-element-9b5cccf e-flex e-con-boxed e-con e-parent\" data-id=\"9b5cccf\" data-element_type=\"container\" data-e-type=\"container\">\n\t\t\t\t\t<div class=\"e-con-inner\">\n\t\t<div class=\"elementor-element elementor-element-78ea357 e-con-full e-flex e-con e-child\" data-id=\"78ea357\" data-element_type=\"container\" data-e-type=\"container\" data-no-translation=\"\">\n\t\t<div class=\"elementor-element elementor-element-7118753 e-con-full e-flex e-con e-child\" data-id=\"7118753\" data-element_type=\"container\" data-e-type=\"container\">\n\t\t\t\t<div class=\"elementor-element elementor-element-ecf50d4 elementor-widget elementor-widget-image\" data-id=\"ecf50d4\" data-element_type=\"widget\" data-e-type=\"widget\" data-widget_type=\"image.default\">\n\t\t\t\t<div class=\"elementor-widget-container\">\n\t\t\t\t\t\t\t\t\t\t\t\t\t\t\t<img fetchpriority=\"high\" decoding=\"async\" width=\"800\" height=\"605\" src=\"https:\/\/www.ankerplan.de\/wp-content\/uploads\/geld_wenig-1024x775.png\" class=\"attachment-large size-large wp-image-671\" alt=\"\" srcset=\"https:\/\/www.ankerplan.de\/wp-content\/uploads\/geld_wenig-1024x775.png 1024w, https:\/\/www.ankerplan.de\/wp-content\/uploads\/geld_wenig-300x227.png 300w, https:\/\/www.ankerplan.de\/wp-content\/uploads\/geld_wenig-768x581.png 768w, https:\/\/www.ankerplan.de\/wp-content\/uploads\/geld_wenig-1536x1162.png 1536w, https:\/\/www.ankerplan.de\/wp-content\/uploads\/geld_wenig-2048x1550.png 2048w, https:\/\/www.ankerplan.de\/wp-content\/uploads\/geld_wenig-16x12.png 16w\" sizes=\"(max-width: 800px) 100vw, 800px\" \/>\t\t\t\t\t\t\t\t\t\t\t\t\t\t\t<\/div>\n\t\t\t\t<\/div>\n\t\t\t\t<\/div>\n\t\t<div class=\"elementor-element elementor-element-16db1ff e-con-full e-flex e-con e-child\" data-id=\"16db1ff\" data-element_type=\"container\" data-e-type=\"container\">\n\t\t\t\t<div class=\"elementor-element elementor-element-c287e29 elementor-widget elementor-widget-text-editor\" data-id=\"c287e29\" data-element_type=\"widget\" data-e-type=\"widget\" data-widget_type=\"text-editor.default\">\n\t\t\t\t<div class=\"elementor-widget-container\">\n\t\t\t\t\t\t\t\t\t<h5><strong>Ihre Finanzen in guten H\u00e4nden \u2013 f\u00fcr Sicherheit und Stabilit\u00e4t<\/strong><\/h5><h6><strong>Geld und Finanzen k\u00f6nnen kompliziert sein.<\/strong><\/h6><h6>Besonders in schwierigen Zeiten ist es schwer, alles zu regeln.<br \/>Ich helfe Ihnen dabei!<\/h6><p>Als rechtliche Betreuerin k\u00fcmmere ich mich um Ihre Finanzen,<br \/>wenn Sie Unterst\u00fctzung brauchen.<br \/>Ich mache das mit Sorgfalt, Respekt und Klarheit.<br \/>Mein Ziel ist, dass Ihr Geld sicher bleibt und alles gut geordnet ist.<\/p><p><strong>Was bedeutet Verm\u00f6genssorge?<\/strong><\/p><p>Verm\u00f6genssorge bedeutet:<\/p><ul><li>Ich verwalte Ihr Geld und sch\u00fctze Ihr Verm\u00f6gen.<\/li><li>Ich sorge daf\u00fcr, dass Rechnungen bezahlt werden.<\/li><li>Ich helfe Ihnen, Ihre finanziellen Rechte zu nutzen.<\/li><\/ul><p>\u00a0<\/p><p><strong>Wichtig:<\/strong> Sie entscheiden mit!<br \/>Ihre W\u00fcnsche sind die Grundlage meiner Arbeit.<br \/>Ob gro\u00dfe Anschaffungen, Spenden oder Sparpl\u00e4ne \u2013<br \/>ich achte darauf, dass alles nach Ihren Vorstellungen l\u00e4uft.<br \/>Ich unterst\u00fctze Sie, aber Sie behalten die Kontrolle.<\/p><p><strong>Wie kann ich helfen?<\/strong><\/p><ul><li>Verwaltung Ihrer Finanzen<\/li><li>Schutz Ihres Verm\u00f6gens<\/li><li>Kontakt mit Gl\u00e4ubigern und \u00c4mtern<\/li><li>Hilfe bei Antr\u00e4gen und Sozialleistungen<\/li><li>Planung f\u00fcr die Zukunft<\/li><\/ul><p>\u00a0<\/p><p>Gemeinsam f\u00fcr Ihre finanzielle Sicherheit<\/p><p>Ich bin nicht nur f\u00fcr Ihr Geld da \u2013<br \/>ich helfe Ihnen, ein sicheres und selbstbestimmtes Leben zu f\u00fchren.<br \/>Finanzielle Stabilit\u00e4t gibt Ruhe und Lebensqualit\u00e4t.<br \/>Ich stehe Ihnen dabei mit Rat und Tat zur Seite!<\/p>\t\t\t\t\t\t\t\t<\/div>\n\t\t\t\t<\/div>\n\t\t\t\t<\/div>\n\t\t\t\t<\/div>\n\t\t\t\t\t<\/div>\n\t\t\t\t<\/div>\n\t\t\t\t<\/div>","protected":false},"excerpt":{"rendered":"<p>Ihre Finanzen in guten H\u00e4nden \u2013 f\u00fcr Sicherheit und Stabilit\u00e4tFinanzielle Angelegenheiten k\u00f6nnen kompliziert und \u00fcberw\u00e4ltigend sein \u2013 besonders in herausfordernden Lebenssituationen. Als rechtliche Betreuerin \u00fcbernehme ich die Verantwortung f\u00fcr Ihre Verm\u00f6genssorge, wenn Sie Unterst\u00fctzung ben\u00f6tigen. Mit Umsicht, Respekt und Transparenz k\u00fcmmere ich mich darum, dass Ihre finanziellen Angelegenheiten sicher, geordnet und in Ihrem besten Interesse [&hellip;]<\/p>\n","protected":false},"author":2,"featured_media":0,"parent":0,"menu_order":2750,"comment_status":"closed","ping_status":"closed","template":"","meta":{"footnotes":""},"class_list":["post-447","page","type-page","status-publish","hentry"],"_links":{"self":[{"href":"https:\/\/www.ankerplan.de\/de_ls\/wp-json\/wp\/v2\/pages\/447","targetHints":{"allow":["GET"]}}],"collection":[{"href":"https:\/\/www.ankerplan.de\/de_ls\/wp-json\/wp\/v2\/pages"}],"about":[{"href":"https:\/\/www.ankerplan.de\/de_ls\/wp-json\/wp\/v2\/types\/page"}],"author":[{"embeddable":true,"href":"https:\/\/www.ankerplan.de\/de_ls\/wp-json\/wp\/v2\/users\/2"}],"replies":[{"embeddable":true,"href":"https:\/\/www.ankerplan.de\/de_ls\/wp-json\/wp\/v2\/comments?post=447"}],"version-history":[{"count":22,"href":"https:\/\/www.ankerplan.de\/de_ls\/wp-json\/wp\/v2\/pages\/447\/revisions"}],"predecessor-version":[{"id":883,"href":"https:\/\/www.ankerplan.de\/de_ls\/wp-json\/wp\/v2\/pages\/447\/revisions\/883"}],"wp:attachment":[{"href":"https:\/\/www.ankerplan.de\/de_ls\/wp-json\/wp\/v2\/media?parent=447"}],"curies":[{"name":"wp","href":"https:\/\/api.w.org\/{rel}","templated":true}]}}