{"id":82,"date":"2024-11-18T18:35:41","date_gmt":"2024-11-18T18:35:41","guid":{"rendered":"https:\/\/ankerplan-4k1qtqxvzy.live-website.com\/front_page\/"},"modified":"2025-04-10T14:44:57","modified_gmt":"2025-04-10T13:44:57","slug":"startseite","status":"publish","type":"page","link":"https:\/\/www.ankerplan.de\/de_ls\/","title":{"rendered":"Startseite"},"content":{"rendered":"<div data-elementor-type=\"wp-page\" data-elementor-id=\"82\" class=\"elementor elementor-82\" data-elementor-post-type=\"page\">\n\t\t\t\t<div class=\"elementor-element elementor-element-f060981 e-flex e-con-boxed e-con e-parent\" data-id=\"f060981\" data-element_type=\"container\" data-e-type=\"container\" data-no-translation=\"\">\n\t\t\t\t\t<div class=\"e-con-inner\">\n\t\t\t\t<div class=\"elementor-element elementor-element-979a0ee elementor-headline--style-highlight elementor-widget elementor-widget-animated-headline\" data-id=\"979a0ee\" data-element_type=\"widget\" data-e-type=\"widget\" data-settings=\"{&quot;marker&quot;:&quot;underline_zigzag&quot;,&quot;highlighted_text&quot;:&quot;AnkerPlan&quot;,&quot;headline_style&quot;:&quot;highlight&quot;,&quot;loop&quot;:&quot;yes&quot;,&quot;highlight_animation_duration&quot;:1200,&quot;highlight_iteration_delay&quot;:8000}\" data-no-translation=\"\" data-widget_type=\"animated-headline.default\">\n\t\t\t\t<div class=\"elementor-widget-container\">\n\t\t\t\t\t\t\t<h3 class=\"elementor-headline\">\n\t\t\t\t\t<span class=\"elementor-headline-plain-text elementor-headline-text-wrapper\">Herzlich willkommen beim Betreuungsb\u00fcro <\/span>\n\t\t\t\t<span class=\"elementor-headline-dynamic-wrapper elementor-headline-text-wrapper\">\n\t\t\t\t\t<span class=\"elementor-headline-dynamic-text elementor-headline-text-active\">AnkerPlan<\/span>\n\t\t\t\t<\/span>\n\t\t\t\t<\/h3>\n\t\t\t\t\t\t<\/div>\n\t\t\t\t<\/div>\n\t\t\t\t<div class=\"elementor-element elementor-element-0fc742d elementor-widget elementor-widget-text-editor\" data-id=\"0fc742d\" data-element_type=\"widget\" data-e-type=\"widget\" data-no-translation=\"\" data-widget_type=\"text-editor.default\">\n\t\t\t\t<div class=\"elementor-widget-container\">\n\t\t\t\t\t\t\t\t\t<h5><strong>Ich helfe Ihnen bei rechtlichen und pers\u00f6nlichen Problemen.<\/strong><br \/><strong>Zusammen finden wir L\u00f6sungen.<\/strong><\/h5><h5><strong>Ich freue mich, dass Sie hier sind!<\/strong><\/h5>\t\t\t\t\t\t\t\t<\/div>\n\t\t\t\t<\/div>\n\t\t<div class=\"elementor-element elementor-element-801abda e-con-full e-flex e-con e-child\" data-id=\"801abda\" data-element_type=\"container\" data-e-type=\"container\" data-no-translation=\"\">\n\t\t<div class=\"elementor-element elementor-element-bbc3198 e-con-full e-flex e-con e-child\" data-id=\"bbc3198\" data-element_type=\"container\" data-e-type=\"container\" data-no-translation=\"\">\n\t\t<div class=\"elementor-element elementor-element-c2a603f e-con-full e-flex e-con e-child\" data-id=\"c2a603f\" data-element_type=\"container\" data-e-type=\"container\">\n\t\t\t\t<div class=\"elementor-element elementor-element-8d1bdde elementor-widget elementor-widget-image\" data-id=\"8d1bdde\" data-element_type=\"widget\" data-e-type=\"widget\" data-widget_type=\"image.default\">\n\t\t\t\t<div class=\"elementor-widget-container\">\n\t\t\t\t\t\t\t\t\t\t\t\t\t\t\t<img fetchpriority=\"high\" decoding=\"async\" width=\"800\" height=\"928\" src=\"https:\/\/www.ankerplan.de\/wp-content\/uploads\/2025\/01\/Logo_600x600px-883x1024.jpg\" class=\"attachment-large size-large wp-image-310\" alt=\"\" srcset=\"https:\/\/www.ankerplan.de\/wp-content\/uploads\/2025\/01\/Logo_600x600px-883x1024.jpg 883w, https:\/\/www.ankerplan.de\/wp-content\/uploads\/2025\/01\/Logo_600x600px-scaled-600x696.jpg 600w, https:\/\/www.ankerplan.de\/wp-content\/uploads\/2025\/01\/Logo_600x600px-259x300.jpg 259w, https:\/\/www.ankerplan.de\/wp-content\/uploads\/2025\/01\/Logo_600x600px-768x890.jpg 768w, https:\/\/www.ankerplan.de\/wp-content\/uploads\/2025\/01\/Logo_600x600px-1325x1536.jpg 1325w, https:\/\/www.ankerplan.de\/wp-content\/uploads\/2025\/01\/Logo_600x600px-1767x2048.jpg 1767w\" sizes=\"(max-width: 800px) 100vw, 800px\" \/>\t\t\t\t\t\t\t\t\t\t\t\t\t\t\t<\/div>\n\t\t\t\t<\/div>\n\t\t\t\t<\/div>\n\t\t<div class=\"elementor-element elementor-element-11587ab e-con-full e-flex e-con e-child\" data-id=\"11587ab\" data-element_type=\"container\" data-e-type=\"container\" data-no-translation=\"\">\n\t\t\t\t<div class=\"elementor-element elementor-element-bc31c24 elementor-widget__width-initial elementor-widget elementor-widget-text-editor\" data-id=\"bc31c24\" data-element_type=\"widget\" data-e-type=\"widget\" data-no-translation=\"\" data-widget_type=\"text-editor.default\">\n\t\t\t\t<div class=\"elementor-widget-container\">\n\t\t\t\t\t\t\t\t\t<p><strong>Mein Ziel ist:<\/strong><\/p><ul><li>Ich unterst\u00fctze Menschen in schwierigen Lebenslagen.<\/li><li>Ich helfe mit Herz, Verstand und Tatkraft.<\/li><li>Jeder Mensch soll seine Rechte gesch\u00fctzt wissen.<\/li><li>Jeder Mensch soll Entscheidungen f\u00fcr sein Leben treffen k\u00f6nnen.<\/li><\/ul><p><strong>Was ist rechtliche Betreuung?<\/strong><\/p><p>Manchmal gibt es Situationen, in denen man Hilfe braucht.<\/p><p>Zum Beispiel:<\/p><ul><li>Wegen einer Krankheit.<\/li><li>Wegen des Alters.<\/li><li>Wegen anderer Probleme.<\/li><\/ul><p><strong>Eine rechtliche Betreuung hilft dabei:<\/strong><\/p><ul><li>Ihre Interessen werden gesch\u00fctzt.<\/li><li>Sie bekommen Unterst\u00fctzung im Alltag.<\/li><li>Sie k\u00f6nnen trotzdem so selbstst\u00e4ndig wie m\u00f6glich leben.<\/li><li>Sie d\u00fcrfen weiterhin nach Ihren eigenen W\u00fcnschen entscheiden.<\/li><\/ul><p>Ich stehe Ihnen zur Seite!<\/p>\t\t\t\t\t\t\t\t<\/div>\n\t\t\t\t<\/div>\n\t\t\t\t<\/div>\n\t\t\t\t<\/div>\n\t\t\t\t<\/div>\n\t\t\t\t\t<\/div>\n\t\t\t\t<\/div>\n\t\t\t\t<\/div>","protected":false},"excerpt":{"rendered":"<p>Gemeinsam finden wir L\u00f6sungen f\u00fcr Ihre rechtlichen und pers\u00f6nlichen Herausforderungen! Ich freue mich, Sie hier begr\u00fc\u00dfen zu d\u00fcrfen! Mein Ziel ist es, Menschen, die in schwierigen Lebenssituationen Unterst\u00fctzung ben\u00f6tigen, mit Herz, Verstand und Tatkraft zur Seite zu stehen. Jeder Mensch verdient es, seine Rechte gewahrt zu wissen und Entscheidungen zu treffen, die das eigene Leben [&hellip;]<\/p>\n","protected":false},"author":1,"featured_media":0,"parent":0,"menu_order":100,"comment_status":"closed","ping_status":"closed","template":"","meta":{"footnotes":""},"class_list":["post-82","page","type-page","status-publish","hentry"],"_links":{"self":[{"href":"https:\/\/www.ankerplan.de\/de_ls\/wp-json\/wp\/v2\/pages\/82","targetHints":{"allow":["GET"]}}],"collection":[{"href":"https:\/\/www.ankerplan.de\/de_ls\/wp-json\/wp\/v2\/pages"}],"about":[{"href":"https:\/\/www.ankerplan.de\/de_ls\/wp-json\/wp\/v2\/types\/page"}],"author":[{"embeddable":true,"href":"https:\/\/www.ankerplan.de\/de_ls\/wp-json\/wp\/v2\/users\/1"}],"replies":[{"embeddable":true,"href":"https:\/\/www.ankerplan.de\/de_ls\/wp-json\/wp\/v2\/comments?post=82"}],"version-history":[{"count":46,"href":"https:\/\/www.ankerplan.de\/de_ls\/wp-json\/wp\/v2\/pages\/82\/revisions"}],"predecessor-version":[{"id":895,"href":"https:\/\/www.ankerplan.de\/de_ls\/wp-json\/wp\/v2\/pages\/82\/revisions\/895"}],"wp:attachment":[{"href":"https:\/\/www.ankerplan.de\/de_ls\/wp-json\/wp\/v2\/media?parent=82"}],"curies":[{"name":"wp","href":"https:\/\/api.w.org\/{rel}","templated":true}]}}